{"id":2788,"date":"2021-04-12T21:08:43","date_gmt":"2021-04-13T00:08:43","guid":{"rendered":"http:\/\/accessid.com.br\/id\/?page_id=2788"},"modified":"2021-04-21T20:21:59","modified_gmt":"2021-04-21T23:21:59","slug":"produtos1","status":"publish","type":"page","link":"https:\/\/accessid.com.br\/id\/?page_id=2788","title":{"rendered":"Leitores de Proximidade"},"content":{"rendered":"\t\t<div data-elementor-type=\"wp-post\" data-elementor-id=\"2788\" class=\"elementor elementor-2788\">\n\t\t\t\t\t\t<section class=\"elementor-section elementor-top-section elementor-element elementor-element-8c39fce elementor-section-content-middle elementor-section-boxed elementor-section-height-default elementor-section-height-default elementor-invisible\" data-id=\"8c39fce\" data-element_type=\"section\" data-e-type=\"section\" data-settings=\"{&quot;background_background&quot;:&quot;classic&quot;,&quot;animation&quot;:&quot;bounceInDown&quot;}\">\n\t\t\t\t\t\t\t<div class=\"elementor-background-overlay\"><\/div>\n\t\t\t\t\t\t\t<div class=\"elementor-container elementor-column-gap-no\">\n\t\t\t\t\t<div class=\"elementor-column elementor-col-100 elementor-top-column elementor-element elementor-element-b1952b1\" data-id=\"b1952b1\" data-element_type=\"column\" data-e-type=\"column\">\n\t\t\t<div class=\"elementor-widget-wrap elementor-element-populated\">\n\t\t\t\t\t\t<div class=\"elementor-element elementor-element-03b93f0 elementor-widget elementor-widget-heading\" data-id=\"03b93f0\" data-element_type=\"widget\" data-e-type=\"widget\" data-widget_type=\"heading.default\">\n\t\t\t\t<div class=\"elementor-widget-container\">\n\t\t\t\t\t<h1 class=\"elementor-heading-title elementor-size-default\">Produtos Leitores<br>de Proximidade<\/h1>\t\t\t\t<\/div>\n\t\t\t\t<\/div>\n\t\t\t\t\t<\/div>\n\t\t<\/div>\n\t\t\t\t\t<\/div>\n\t\t<\/section>\n\t\t\t\t<section class=\"elementor-section elementor-top-section elementor-element elementor-element-d28c655 elementor-section-full_width elementor-section-height-default elementor-section-height-default\" data-id=\"d28c655\" data-element_type=\"section\" data-e-type=\"section\">\n\t\t\t\t\t\t<div class=\"elementor-container elementor-column-gap-default\">\n\t\t\t\t\t<div class=\"elementor-column elementor-col-100 elementor-top-column elementor-element elementor-element-997bde8\" data-id=\"997bde8\" data-element_type=\"column\" data-e-type=\"column\" data-settings=\"{&quot;background_background&quot;:&quot;classic&quot;}\">\n\t\t\t<div class=\"elementor-widget-wrap elementor-element-populated\">\n\t\t\t\t\t\t<section class=\"elementor-section elementor-inner-section elementor-element elementor-element-593195b elementor-section-boxed elementor-section-height-default elementor-section-height-default\" data-id=\"593195b\" data-element_type=\"section\" data-e-type=\"section\">\n\t\t\t\t\t\t<div class=\"elementor-container elementor-column-gap-default\">\n\t\t\t\t\t<div class=\"elementor-column elementor-col-50 elementor-inner-column elementor-element elementor-element-790a4db\" data-id=\"790a4db\" data-element_type=\"column\" data-e-type=\"column\" data-settings=\"{&quot;background_background&quot;:&quot;classic&quot;}\">\n\t\t\t<div class=\"elementor-widget-wrap elementor-element-populated\">\n\t\t\t\t\t\t<div class=\"elementor-element elementor-element-a991871 elementor-widget-divider--view-line elementor-widget elementor-widget-divider\" data-id=\"a991871\" data-element_type=\"widget\" data-e-type=\"widget\" data-widget_type=\"divider.default\">\n\t\t\t\t<div class=\"elementor-widget-container\">\n\t\t\t\t\t\t\t<div class=\"elementor-divider\">\n\t\t\t<span class=\"elementor-divider-separator\">\n\t\t\t\t\t\t<\/span>\n\t\t<\/div>\n\t\t\t\t\t\t<\/div>\n\t\t\t\t<\/div>\n\t\t\t\t<div class=\"elementor-element elementor-element-ec8a667 elementor-widget elementor-widget-heading\" data-id=\"ec8a667\" data-element_type=\"widget\" data-e-type=\"widget\" data-widget_type=\"heading.default\">\n\t\t\t\t<div class=\"elementor-widget-container\">\n\t\t\t\t\t<h2 class=\"elementor-heading-title elementor-size-default\">AutoID\nE30R e E40R<\/h2>\t\t\t\t<\/div>\n\t\t\t\t<\/div>\n\t\t\t\t<div class=\"elementor-element elementor-element-afff73d elementor-widget elementor-widget-text-editor\" data-id=\"afff73d\" data-element_type=\"widget\" data-e-type=\"widget\" data-widget_type=\"text-editor.default\">\n\t\t\t\t<div class=\"elementor-widget-container\">\n\t\t\t\t\t\t\t\t\t<p>O AutoID E30R e E40R \u00e9 um leitor RFID UHF de pequenas dimens\u00f5es e alto desempenho de leitura de tags, desenvolvido especialmente para uso em opera\u00e7\u00f5es de controle de acesso veicular, possui os principais protocolos de comunica\u00e7\u00e3o utilizados pela grande maioria das placas controladoras no mercado.<br \/>Implementa o \u201cSistema Autoid Secure\u201d de leitura de tags, onde somente os tags com um sistema sofisticado de codifica\u00e7\u00e3o do cliente final s\u00e3o lidos, sem leitura de tags de ped\u00e1gio e\/ou tags de outras instala\u00e7\u00f5es. Possui antena integrada com ganho de 7,5 dBic, n\u00e3o sendo necess\u00e1rio instala\u00e7\u00e3o de cabos RF. Com um \u00fanico cabo se tem a comunica\u00e7\u00e3o e alimenta\u00e7\u00e3o do leitor, facilitando e barateando a instala\u00e7\u00e3o e suporte t\u00e9cnico p\u00f3s instala\u00e7\u00e3o.<\/p><h6><strong>Caracter\u00edsticas \/ Vantagens<\/strong><\/h6><ul><li>Uso externo &#8211; IP66;<\/li><li>Antena integrada;<\/li><li>Compacto e robusto;<\/li><li>F\u00e1cil instala\u00e7\u00e3o;<\/li><li>Plug &amp; Play &#8211; leitura autom\u00e1tica;<\/li><li>Wiegand (26\/34b), Abatrack (10\/14dig.) e Ethernet TCP\/IP;<\/li><li>Implementa o Sistema Autoid Secure;<\/li><li>Modo trigger &#8211; disparo de leitura somente com detec\u00e7\u00e3o de ve\u00edculo;<\/li><li>Filtro de leitura pelo n\u00edvel de sinal do tag;<\/li><li>Implementa protocolo Syslog (RFC 5424);<\/li><li>Rel\u00f3gio interno com sincroniza\u00e7\u00e3o via SNTP.<\/li><li>M\u00e1xima dist\u00e2ncia de leitura m\u00e9dia de 4m<\/li><li>Certifica\u00e7\u00e3o Anatel<\/li><\/ul>\t\t\t\t\t\t\t\t<\/div>\n\t\t\t\t<\/div>\n\t\t\t\t\t<\/div>\n\t\t<\/div>\n\t\t\t\t<div class=\"elementor-column elementor-col-50 elementor-inner-column elementor-element elementor-element-aa83a1d\" data-id=\"aa83a1d\" data-element_type=\"column\" data-e-type=\"column\" data-settings=\"{&quot;background_background&quot;:&quot;classic&quot;}\">\n\t\t\t<div class=\"elementor-widget-wrap elementor-element-populated\">\n\t\t\t\t\t<div class=\"elementor-background-overlay\"><\/div>\n\t\t\t\t\t\t<div class=\"elementor-element elementor-element-ff26a5f elementor-invisible elementor-widget elementor-widget-image\" data-id=\"ff26a5f\" data-element_type=\"widget\" data-e-type=\"widget\" data-settings=\"{&quot;_animation&quot;:&quot;fadeInRight&quot;}\" data-widget_type=\"image.default\">\n\t\t\t\t<div class=\"elementor-widget-container\">\n\t\t\t\t\t\t\t\t\t\t\t\t\t\t\t<img fetchpriority=\"high\" decoding=\"async\" width=\"640\" height=\"640\" src=\"https:\/\/accessid.com.br\/id\/wp-content\/uploads\/2021\/04\/AutoID_E30R_A.png\" class=\"attachment-full size-full wp-image-3038\" alt=\"\" srcset=\"https:\/\/accessid.com.br\/id\/wp-content\/uploads\/2021\/04\/AutoID_E30R_A.png 640w, https:\/\/accessid.com.br\/id\/wp-content\/uploads\/2021\/04\/AutoID_E30R_A-300x300.png 300w, https:\/\/accessid.com.br\/id\/wp-content\/uploads\/2021\/04\/AutoID_E30R_A-150x150.png 150w, https:\/\/accessid.com.br\/id\/wp-content\/uploads\/2021\/04\/AutoID_E30R_A-600x600.png 600w, https:\/\/accessid.com.br\/id\/wp-content\/uploads\/2021\/04\/AutoID_E30R_A-100x100.png 100w\" sizes=\"(max-width: 640px) 100vw, 640px\" \/>\t\t\t\t\t\t\t\t\t\t\t\t\t\t\t<\/div>\n\t\t\t\t<\/div>\n\t\t\t\t<div class=\"elementor-element elementor-element-71bff0d elementor-invisible elementor-widget elementor-widget-image\" data-id=\"71bff0d\" data-element_type=\"widget\" data-e-type=\"widget\" data-settings=\"{&quot;_animation&quot;:&quot;fadeInRight&quot;}\" data-widget_type=\"image.default\">\n\t\t\t\t<div class=\"elementor-widget-container\">\n\t\t\t\t\t\t\t\t\t\t\t\t\t\t\t<img decoding=\"async\" width=\"640\" height=\"640\" src=\"https:\/\/accessid.com.br\/id\/wp-content\/uploads\/2021\/04\/AutoID_E30R_B.png\" class=\"attachment-full size-full wp-image-2856\" alt=\"\" srcset=\"https:\/\/accessid.com.br\/id\/wp-content\/uploads\/2021\/04\/AutoID_E30R_B.png 640w, https:\/\/accessid.com.br\/id\/wp-content\/uploads\/2021\/04\/AutoID_E30R_B-300x300.png 300w, https:\/\/accessid.com.br\/id\/wp-content\/uploads\/2021\/04\/AutoID_E30R_B-150x150.png 150w, https:\/\/accessid.com.br\/id\/wp-content\/uploads\/2021\/04\/AutoID_E30R_B-600x600.png 600w, https:\/\/accessid.com.br\/id\/wp-content\/uploads\/2021\/04\/AutoID_E30R_B-100x100.png 100w\" sizes=\"(max-width: 640px) 100vw, 640px\" \/>\t\t\t\t\t\t\t\t\t\t\t\t\t\t\t<\/div>\n\t\t\t\t<\/div>\n\t\t\t\t\t<\/div>\n\t\t<\/div>\n\t\t\t\t\t<\/div>\n\t\t<\/section>\n\t\t\t\t<section class=\"elementor-section elementor-inner-section elementor-element elementor-element-e06776e elementor-section-boxed elementor-section-height-default elementor-section-height-default\" data-id=\"e06776e\" data-element_type=\"section\" data-e-type=\"section\">\n\t\t\t\t\t\t<div class=\"elementor-container elementor-column-gap-default\">\n\t\t\t\t\t<div class=\"elementor-column elementor-col-50 elementor-inner-column elementor-element elementor-element-fd4f9dd\" data-id=\"fd4f9dd\" data-element_type=\"column\" data-e-type=\"column\" data-settings=\"{&quot;background_background&quot;:&quot;classic&quot;}\">\n\t\t\t<div class=\"elementor-widget-wrap elementor-element-populated\">\n\t\t\t\t\t<div class=\"elementor-background-overlay\"><\/div>\n\t\t\t\t\t\t<div class=\"elementor-element elementor-element-d1764b4 elementor-invisible elementor-widget elementor-widget-image\" data-id=\"d1764b4\" data-element_type=\"widget\" data-e-type=\"widget\" data-settings=\"{&quot;_animation&quot;:&quot;fadeInRight&quot;}\" data-widget_type=\"image.default\">\n\t\t\t\t<div class=\"elementor-widget-container\">\n\t\t\t\t\t\t\t\t\t\t\t\t\t\t\t<img decoding=\"async\" width=\"640\" height=\"640\" src=\"https:\/\/accessid.com.br\/id\/wp-content\/uploads\/2021\/04\/AM10-1.png\" class=\"attachment-full size-full wp-image-3042\" alt=\"\" srcset=\"https:\/\/accessid.com.br\/id\/wp-content\/uploads\/2021\/04\/AM10-1.png 640w, https:\/\/accessid.com.br\/id\/wp-content\/uploads\/2021\/04\/AM10-1-300x300.png 300w, https:\/\/accessid.com.br\/id\/wp-content\/uploads\/2021\/04\/AM10-1-150x150.png 150w, https:\/\/accessid.com.br\/id\/wp-content\/uploads\/2021\/04\/AM10-1-600x600.png 600w, https:\/\/accessid.com.br\/id\/wp-content\/uploads\/2021\/04\/AM10-1-100x100.png 100w\" sizes=\"(max-width: 640px) 100vw, 640px\" \/>\t\t\t\t\t\t\t\t\t\t\t\t\t\t\t<\/div>\n\t\t\t\t<\/div>\n\t\t\t\t\t<\/div>\n\t\t<\/div>\n\t\t\t\t<div class=\"elementor-column elementor-col-50 elementor-inner-column elementor-element elementor-element-4a91413\" data-id=\"4a91413\" data-element_type=\"column\" data-e-type=\"column\" data-settings=\"{&quot;background_background&quot;:&quot;classic&quot;}\">\n\t\t\t<div class=\"elementor-widget-wrap elementor-element-populated\">\n\t\t\t\t\t\t<div class=\"elementor-element elementor-element-b9e1e62 elementor-widget-divider--view-line elementor-widget elementor-widget-divider\" data-id=\"b9e1e62\" data-element_type=\"widget\" data-e-type=\"widget\" data-widget_type=\"divider.default\">\n\t\t\t\t<div class=\"elementor-widget-container\">\n\t\t\t\t\t\t\t<div class=\"elementor-divider\">\n\t\t\t<span class=\"elementor-divider-separator\">\n\t\t\t\t\t\t<\/span>\n\t\t<\/div>\n\t\t\t\t\t\t<\/div>\n\t\t\t\t<\/div>\n\t\t\t\t<div class=\"elementor-element elementor-element-6849c33 elementor-widget elementor-widget-heading\" data-id=\"6849c33\" data-element_type=\"widget\" data-e-type=\"widget\" data-widget_type=\"heading.default\">\n\t\t\t\t<div class=\"elementor-widget-container\">\n\t\t\t\t\t<h2 class=\"elementor-heading-title elementor-size-default\">Leitor Mifare AM10<\/h2>\t\t\t\t<\/div>\n\t\t\t\t<\/div>\n\t\t\t\t<div class=\"elementor-element elementor-element-52b29b0 elementor-widget elementor-widget-text-editor\" data-id=\"52b29b0\" data-element_type=\"widget\" data-e-type=\"widget\" data-widget_type=\"text-editor.default\">\n\t\t\t\t<div class=\"elementor-widget-container\">\n\t\t\t\t\t\t\t\t\t<p>O leitor e gravador AM-10 foi desenvolvido para uso externo em aplica\u00e7\u00f5es de controle de acesso. Seu alto desempenho em conjunto com sua elevada confiabilidade em identifica\u00e7\u00e3o de cart\u00f5es Mifare\u00ae garantem a excelente efici\u00eancia apresentada por este leitor.<\/p><h6><strong>Caracter\u00edsticas \/ Vantagens<\/strong><\/h6><ul><li><em>Uso em ambiente interno.<\/em><\/li><li><em>Feedback sonoro e visual para o usu\u00e1rio com cart\u00e3o;<\/em><\/li><li><em>Prote\u00e7\u00e3o contra surto de energia na porta de comunica\u00e7\u00e3o serial;<\/em><\/li><li><em>Troca \/ Atualiza\u00e7\u00e3o de firmware via interface serial.<\/em><\/li><\/ul>\t\t\t\t\t\t\t\t<\/div>\n\t\t\t\t<\/div>\n\t\t\t\t\t<\/div>\n\t\t<\/div>\n\t\t\t\t\t<\/div>\n\t\t<\/section>\n\t\t\t\t<section class=\"elementor-section elementor-inner-section elementor-element elementor-element-17455e3 elementor-section-boxed elementor-section-height-default elementor-section-height-default\" data-id=\"17455e3\" data-element_type=\"section\" data-e-type=\"section\">\n\t\t\t\t\t\t<div class=\"elementor-container elementor-column-gap-default\">\n\t\t\t\t\t<div class=\"elementor-column elementor-col-50 elementor-inner-column elementor-element elementor-element-8b5714f\" data-id=\"8b5714f\" data-element_type=\"column\" data-e-type=\"column\" data-settings=\"{&quot;background_background&quot;:&quot;classic&quot;}\">\n\t\t\t<div class=\"elementor-widget-wrap elementor-element-populated\">\n\t\t\t\t\t\t<div class=\"elementor-element elementor-element-7cfbbfc elementor-widget-divider--view-line elementor-widget elementor-widget-divider\" data-id=\"7cfbbfc\" data-element_type=\"widget\" data-e-type=\"widget\" data-widget_type=\"divider.default\">\n\t\t\t\t<div class=\"elementor-widget-container\">\n\t\t\t\t\t\t\t<div class=\"elementor-divider\">\n\t\t\t<span class=\"elementor-divider-separator\">\n\t\t\t\t\t\t<\/span>\n\t\t<\/div>\n\t\t\t\t\t\t<\/div>\n\t\t\t\t<\/div>\n\t\t\t\t<div class=\"elementor-element elementor-element-99a5a2d elementor-widget elementor-widget-heading\" data-id=\"99a5a2d\" data-element_type=\"widget\" data-e-type=\"widget\" data-widget_type=\"heading.default\">\n\t\t\t\t<div class=\"elementor-widget-container\">\n\t\t\t\t\t<h2 class=\"elementor-heading-title elementor-size-default\">Leitor Mifare AM08<\/h2>\t\t\t\t<\/div>\n\t\t\t\t<\/div>\n\t\t\t\t<div class=\"elementor-element elementor-element-11ebb7e elementor-widget elementor-widget-text-editor\" data-id=\"11ebb7e\" data-element_type=\"widget\" data-e-type=\"widget\" data-widget_type=\"text-editor.default\">\n\t\t\t\t<div class=\"elementor-widget-container\">\n\t\t\t\t\t\t\t\t\t<p>O leitor AcuMifare AM-08 \u00e9 indicado tanto para uso interno quanto externo, em aplica\u00e7\u00f5es de controle de acesso onde \u00e9 necess\u00e1rio a leitura de cart\u00e3o ou etiqueta Mifare. Com design moderno e dimens\u00f5es reduzidas, o leitor AM-08 \u00e9 f\u00e1cil de instalar e n\u00e3o compromete o ambiente.<\/p><h6><strong>Caracter\u00edsticas \/ Vantagens<\/strong><\/h6><ul><li><em>Uso em ambientes internos e externos.<\/em><\/li><li><em>F\u00e1cil integra\u00e7\u00e3o com catracas, rel\u00f3gio de ponto e demais dispositivos de acesso.<\/em><\/li><\/ul>\t\t\t\t\t\t\t\t<\/div>\n\t\t\t\t<\/div>\n\t\t\t\t\t<\/div>\n\t\t<\/div>\n\t\t\t\t<div class=\"elementor-column elementor-col-50 elementor-inner-column elementor-element elementor-element-9178083\" data-id=\"9178083\" data-element_type=\"column\" data-e-type=\"column\" data-settings=\"{&quot;background_background&quot;:&quot;classic&quot;}\">\n\t\t\t<div class=\"elementor-widget-wrap elementor-element-populated\">\n\t\t\t\t\t<div class=\"elementor-background-overlay\"><\/div>\n\t\t\t\t\t\t<div class=\"elementor-element elementor-element-a0e4924 elementor-invisible elementor-widget elementor-widget-image\" data-id=\"a0e4924\" data-element_type=\"widget\" data-e-type=\"widget\" data-settings=\"{&quot;_animation&quot;:&quot;fadeInRight&quot;}\" data-widget_type=\"image.default\">\n\t\t\t\t<div class=\"elementor-widget-container\">\n\t\t\t\t\t\t\t\t\t\t\t\t\t\t\t<img loading=\"lazy\" decoding=\"async\" width=\"640\" height=\"640\" src=\"https:\/\/accessid.com.br\/id\/wp-content\/uploads\/2021\/04\/R01-W26-1.png\" class=\"attachment-full size-full wp-image-3054\" alt=\"\" srcset=\"https:\/\/accessid.com.br\/id\/wp-content\/uploads\/2021\/04\/R01-W26-1.png 640w, https:\/\/accessid.com.br\/id\/wp-content\/uploads\/2021\/04\/R01-W26-1-300x300.png 300w, https:\/\/accessid.com.br\/id\/wp-content\/uploads\/2021\/04\/R01-W26-1-150x150.png 150w, https:\/\/accessid.com.br\/id\/wp-content\/uploads\/2021\/04\/R01-W26-1-600x600.png 600w, https:\/\/accessid.com.br\/id\/wp-content\/uploads\/2021\/04\/R01-W26-1-100x100.png 100w\" sizes=\"(max-width: 640px) 100vw, 640px\" \/>\t\t\t\t\t\t\t\t\t\t\t\t\t\t\t<\/div>\n\t\t\t\t<\/div>\n\t\t\t\t\t<\/div>\n\t\t<\/div>\n\t\t\t\t\t<\/div>\n\t\t<\/section>\n\t\t\t\t<section class=\"elementor-section elementor-inner-section elementor-element elementor-element-e6724a6 elementor-section-boxed elementor-section-height-default elementor-section-height-default\" data-id=\"e6724a6\" data-element_type=\"section\" data-e-type=\"section\">\n\t\t\t\t\t\t<div class=\"elementor-container elementor-column-gap-default\">\n\t\t\t\t\t<div class=\"elementor-column elementor-col-50 elementor-inner-column elementor-element elementor-element-fa158cd\" data-id=\"fa158cd\" data-element_type=\"column\" data-e-type=\"column\" data-settings=\"{&quot;background_background&quot;:&quot;classic&quot;}\">\n\t\t\t<div class=\"elementor-widget-wrap elementor-element-populated\">\n\t\t\t\t\t<div class=\"elementor-background-overlay\"><\/div>\n\t\t\t\t\t\t<div class=\"elementor-element elementor-element-328b565 elementor-invisible elementor-widget elementor-widget-image\" data-id=\"328b565\" data-element_type=\"widget\" data-e-type=\"widget\" data-settings=\"{&quot;_animation&quot;:&quot;fadeInRight&quot;}\" data-widget_type=\"image.default\">\n\t\t\t\t<div class=\"elementor-widget-container\">\n\t\t\t\t\t\t\t\t\t\t\t\t\t\t\t<img loading=\"lazy\" decoding=\"async\" width=\"640\" height=\"640\" src=\"https:\/\/accessid.com.br\/id\/wp-content\/uploads\/2021\/04\/R01-W26-1.png\" class=\"attachment-full size-full wp-image-3054\" alt=\"\" srcset=\"https:\/\/accessid.com.br\/id\/wp-content\/uploads\/2021\/04\/R01-W26-1.png 640w, https:\/\/accessid.com.br\/id\/wp-content\/uploads\/2021\/04\/R01-W26-1-300x300.png 300w, https:\/\/accessid.com.br\/id\/wp-content\/uploads\/2021\/04\/R01-W26-1-150x150.png 150w, https:\/\/accessid.com.br\/id\/wp-content\/uploads\/2021\/04\/R01-W26-1-600x600.png 600w, https:\/\/accessid.com.br\/id\/wp-content\/uploads\/2021\/04\/R01-W26-1-100x100.png 100w\" sizes=\"(max-width: 640px) 100vw, 640px\" \/>\t\t\t\t\t\t\t\t\t\t\t\t\t\t\t<\/div>\n\t\t\t\t<\/div>\n\t\t\t\t\t<\/div>\n\t\t<\/div>\n\t\t\t\t<div class=\"elementor-column elementor-col-50 elementor-inner-column elementor-element elementor-element-2ea101c\" data-id=\"2ea101c\" data-element_type=\"column\" data-e-type=\"column\" data-settings=\"{&quot;background_background&quot;:&quot;classic&quot;}\">\n\t\t\t<div class=\"elementor-widget-wrap elementor-element-populated\">\n\t\t\t\t\t\t<div class=\"elementor-element elementor-element-d2b1fb9 elementor-widget-divider--view-line elementor-widget elementor-widget-divider\" data-id=\"d2b1fb9\" data-element_type=\"widget\" data-e-type=\"widget\" data-widget_type=\"divider.default\">\n\t\t\t\t<div class=\"elementor-widget-container\">\n\t\t\t\t\t\t\t<div class=\"elementor-divider\">\n\t\t\t<span class=\"elementor-divider-separator\">\n\t\t\t\t\t\t<\/span>\n\t\t<\/div>\n\t\t\t\t\t\t<\/div>\n\t\t\t\t<\/div>\n\t\t\t\t<div class=\"elementor-element elementor-element-4e02fd6 elementor-widget elementor-widget-heading\" data-id=\"4e02fd6\" data-element_type=\"widget\" data-e-type=\"widget\" data-widget_type=\"heading.default\">\n\t\t\t\t<div class=\"elementor-widget-container\">\n\t\t\t\t\t<h2 class=\"elementor-heading-title elementor-size-default\">Leitor R01-W26<\/h2>\t\t\t\t<\/div>\n\t\t\t\t<\/div>\n\t\t\t\t<div class=\"elementor-element elementor-element-f84b20c elementor-widget elementor-widget-text-editor\" data-id=\"f84b20c\" data-element_type=\"widget\" data-e-type=\"widget\" data-widget_type=\"text-editor.default\">\n\t\t\t\t<div class=\"elementor-widget-container\">\n\t\t\t\t\t\t\t\t\t<p>Por operar nas frequ\u00eancias 125kHz e 13,56MHz, o AcuMulti permite leitura de cart\u00f5es HID, EM (ISO 11784\/85) e MIFARE (ISO 14443A). Possui sensor sa\u00edda wiegand 26bits, controle de buzzer e do LED frontal. O leitor conta tamb\u00e9m com prote\u00e7\u00e3o IP66, al\u00e9m do sensor anti-tamper que fazem dele a escolha ideal para aplica\u00e7\u00f5es em ambientes externos que requerem seguran\u00e7a elevada.<\/p><h6><strong>Caracter\u00edsticas \/ Vantagens<\/strong><\/h6><ul><li><em>Duas frequ\u00eancias de opera\u00e7\u00e3o: 125kHz e 13,56Mhz;<\/em><\/li><li><em>Resistente \u00e0 \u00e1gua, conforme IP66;<\/em><\/li><li><em>Wiegand 26 bits;<\/em><\/li><li><em>Tipo de cart\u00e3o: HID, EM &amp; Mifare;<\/em><\/li><li><em>Dist\u00e2ncia de leitura de 2 a 8cm, a depender do tipo de cart\u00e3o.<\/em><\/li><li><em>Indice de Prote\u00e7\u00e3o IP66<\/em><\/li><\/ul>\t\t\t\t\t\t\t\t<\/div>\n\t\t\t\t<\/div>\n\t\t\t\t\t<\/div>\n\t\t<\/div>\n\t\t\t\t\t<\/div>\n\t\t<\/section>\n\t\t\t\t\t<\/div>\n\t\t<\/div>\n\t\t\t\t\t<\/div>\n\t\t<\/section>\n\t\t\t\t<\/div>\n\t\t","protected":false},"excerpt":{"rendered":"<p>Produtos Leitoresde Proximidade AutoID E30R e E40R O AutoID E30R e E40R \u00e9 um leitor RFID UHF de pequenas dimens\u00f5es e alto desempenho de leitura de tags, desenvolvido especialmente para uso em opera\u00e7\u00f5es de controle de acesso veicular, possui os principais protocolos de comunica\u00e7\u00e3o utilizados pela grande maioria das placas controladoras no mercado.Implementa o \u201cSistema &hellip;<\/p>\n<p class=\"read-more\"> <a class=\"\" href=\"https:\/\/accessid.com.br\/id\/?page_id=2788\"> <span class=\"screen-reader-text\">Leitores de Proximidade<\/span> Leia mais &raquo;<\/a><\/p>\n","protected":false},"author":1,"featured_media":0,"parent":0,"menu_order":0,"comment_status":"closed","ping_status":"closed","template":"","meta":{"_joinchat":[],"footnotes":""},"class_list":["post-2788","page","type-page","status-publish","hentry"],"_links":{"self":[{"href":"https:\/\/accessid.com.br\/id\/index.php?rest_route=\/wp\/v2\/pages\/2788","targetHints":{"allow":["GET"]}}],"collection":[{"href":"https:\/\/accessid.com.br\/id\/index.php?rest_route=\/wp\/v2\/pages"}],"about":[{"href":"https:\/\/accessid.com.br\/id\/index.php?rest_route=\/wp\/v2\/types\/page"}],"author":[{"embeddable":true,"href":"https:\/\/accessid.com.br\/id\/index.php?rest_route=\/wp\/v2\/users\/1"}],"replies":[{"embeddable":true,"href":"https:\/\/accessid.com.br\/id\/index.php?rest_route=%2Fwp%2Fv2%2Fcomments&post=2788"}],"version-history":[{"count":44,"href":"https:\/\/accessid.com.br\/id\/index.php?rest_route=\/wp\/v2\/pages\/2788\/revisions"}],"predecessor-version":[{"id":3323,"href":"https:\/\/accessid.com.br\/id\/index.php?rest_route=\/wp\/v2\/pages\/2788\/revisions\/3323"}],"wp:attachment":[{"href":"https:\/\/accessid.com.br\/id\/index.php?rest_route=%2Fwp%2Fv2%2Fmedia&parent=2788"}],"curies":[{"name":"wp","href":"https:\/\/api.w.org\/{rel}","templated":true}]}}