{"id":2885,"date":"2021-04-13T10:53:49","date_gmt":"2021-04-13T13:53:49","guid":{"rendered":"http:\/\/accessid.com.br\/id\/?page_id=2885"},"modified":"2021-04-21T20:15:04","modified_gmt":"2021-04-21T23:15:04","slug":"chaveiro-rfid","status":"publish","type":"page","link":"https:\/\/accessid.com.br\/id\/?page_id=2885","title":{"rendered":"Chaveiro RFID"},"content":{"rendered":"\t\t<div data-elementor-type=\"wp-post\" data-elementor-id=\"2885\" class=\"elementor elementor-2885\">\n\t\t\t\t\t\t<section class=\"elementor-section elementor-top-section elementor-element elementor-element-8c39fce elementor-section-content-middle elementor-section-boxed elementor-section-height-default elementor-section-height-default elementor-invisible\" data-id=\"8c39fce\" data-element_type=\"section\" data-e-type=\"section\" data-settings=\"{&quot;background_background&quot;:&quot;classic&quot;,&quot;animation&quot;:&quot;bounceInDown&quot;}\">\n\t\t\t\t\t\t\t<div class=\"elementor-background-overlay\"><\/div>\n\t\t\t\t\t\t\t<div class=\"elementor-container elementor-column-gap-no\">\n\t\t\t\t\t<div class=\"elementor-column elementor-col-100 elementor-top-column elementor-element elementor-element-b1952b1\" data-id=\"b1952b1\" data-element_type=\"column\" data-e-type=\"column\">\n\t\t\t<div class=\"elementor-widget-wrap elementor-element-populated\">\n\t\t\t\t\t\t<div class=\"elementor-element elementor-element-03b93f0 elementor-widget elementor-widget-heading\" data-id=\"03b93f0\" data-element_type=\"widget\" data-e-type=\"widget\" data-widget_type=\"heading.default\">\n\t\t\t\t<div class=\"elementor-widget-container\">\n\t\t\t\t\t<h1 class=\"elementor-heading-title elementor-size-default\">Produtos<br>\nChaveiro RFID<\/h1>\t\t\t\t<\/div>\n\t\t\t\t<\/div>\n\t\t\t\t\t<\/div>\n\t\t<\/div>\n\t\t\t\t\t<\/div>\n\t\t<\/section>\n\t\t\t\t<section class=\"elementor-section elementor-top-section elementor-element elementor-element-d28c655 elementor-section-full_width elementor-section-height-default elementor-section-height-default\" data-id=\"d28c655\" data-element_type=\"section\" data-e-type=\"section\">\n\t\t\t\t\t\t<div class=\"elementor-container elementor-column-gap-default\">\n\t\t\t\t\t<div class=\"elementor-column elementor-col-100 elementor-top-column elementor-element elementor-element-997bde8\" data-id=\"997bde8\" data-element_type=\"column\" data-e-type=\"column\" data-settings=\"{&quot;background_background&quot;:&quot;classic&quot;}\">\n\t\t\t<div class=\"elementor-widget-wrap elementor-element-populated\">\n\t\t\t\t\t\t<section class=\"elementor-section elementor-inner-section elementor-element elementor-element-593195b elementor-section-boxed elementor-section-height-default elementor-section-height-default\" data-id=\"593195b\" data-element_type=\"section\" data-e-type=\"section\">\n\t\t\t\t\t\t<div class=\"elementor-container elementor-column-gap-default\">\n\t\t\t\t\t<div class=\"elementor-column elementor-col-50 elementor-inner-column elementor-element elementor-element-790a4db\" data-id=\"790a4db\" data-element_type=\"column\" data-e-type=\"column\" data-settings=\"{&quot;background_background&quot;:&quot;classic&quot;}\">\n\t\t\t<div class=\"elementor-widget-wrap elementor-element-populated\">\n\t\t\t\t\t\t<div class=\"elementor-element elementor-element-a991871 elementor-widget-divider--view-line elementor-widget elementor-widget-divider\" data-id=\"a991871\" data-element_type=\"widget\" data-e-type=\"widget\" data-widget_type=\"divider.default\">\n\t\t\t\t<div class=\"elementor-widget-container\">\n\t\t\t\t\t\t\t<div class=\"elementor-divider\">\n\t\t\t<span class=\"elementor-divider-separator\">\n\t\t\t\t\t\t<\/span>\n\t\t<\/div>\n\t\t\t\t\t\t<\/div>\n\t\t\t\t<\/div>\n\t\t\t\t<div class=\"elementor-element elementor-element-ec8a667 elementor-widget elementor-widget-heading\" data-id=\"ec8a667\" data-element_type=\"widget\" data-e-type=\"widget\" data-widget_type=\"heading.default\">\n\t\t\t\t<div class=\"elementor-widget-container\">\n\t\t\t\t\t<h2 class=\"elementor-heading-title elementor-size-default\">ASmart Keyfob Dark, Blue e Green<\/h2>\t\t\t\t<\/div>\n\t\t\t\t<\/div>\n\t\t\t\t<div class=\"elementor-element elementor-element-afff73d elementor-widget elementor-widget-text-editor\" data-id=\"afff73d\" data-element_type=\"widget\" data-e-type=\"widget\" data-widget_type=\"text-editor.default\">\n\t\t\t\t<div class=\"elementor-widget-container\">\n\t\t\t\t\t\t\t\t\t<p>Com seu visual moderno e compacto, o ASmart Keyfob Dark \u00e9 um chaveiro transl\u00facido ideal para aplica\u00e7\u00f5es em identifica\u00e7\u00e3o pessoal, aplica\u00e7\u00f5es na \u00e1rea de controle de acessO. S\u00e3o chaveiros RFID extremamente pr\u00e1ticos e resistentes<\/p>\t\t\t\t\t\t\t\t<\/div>\n\t\t\t\t<\/div>\n\t\t\t\t\t<\/div>\n\t\t<\/div>\n\t\t\t\t<div class=\"elementor-column elementor-col-50 elementor-inner-column elementor-element elementor-element-aa83a1d\" data-id=\"aa83a1d\" data-element_type=\"column\" data-e-type=\"column\" data-settings=\"{&quot;background_background&quot;:&quot;classic&quot;}\">\n\t\t\t<div class=\"elementor-widget-wrap elementor-element-populated\">\n\t\t\t\t\t<div class=\"elementor-background-overlay\"><\/div>\n\t\t\t\t\t\t<div class=\"elementor-element elementor-element-ff26a5f elementor-invisible elementor-widget elementor-widget-image\" data-id=\"ff26a5f\" data-element_type=\"widget\" data-e-type=\"widget\" data-settings=\"{&quot;_animation&quot;:&quot;fadeInRight&quot;}\" data-widget_type=\"image.default\">\n\t\t\t\t<div class=\"elementor-widget-container\">\n\t\t\t\t\t\t\t\t\t\t\t\t\t\t\t<img fetchpriority=\"high\" decoding=\"async\" width=\"960\" height=\"640\" src=\"https:\/\/accessid.com.br\/id\/wp-content\/uploads\/2021\/04\/AProx-Blue-e-Green_dark1.png\" class=\"attachment-full size-full wp-image-2889\" alt=\"\" srcset=\"https:\/\/accessid.com.br\/id\/wp-content\/uploads\/2021\/04\/AProx-Blue-e-Green_dark1.png 960w, https:\/\/accessid.com.br\/id\/wp-content\/uploads\/2021\/04\/AProx-Blue-e-Green_dark1-300x200.png 300w, https:\/\/accessid.com.br\/id\/wp-content\/uploads\/2021\/04\/AProx-Blue-e-Green_dark1-768x512.png 768w, https:\/\/accessid.com.br\/id\/wp-content\/uploads\/2021\/04\/AProx-Blue-e-Green_dark1-600x400.png 600w\" sizes=\"(max-width: 960px) 100vw, 960px\" \/>\t\t\t\t\t\t\t\t\t\t\t\t\t\t\t<\/div>\n\t\t\t\t<\/div>\n\t\t\t\t\t<\/div>\n\t\t<\/div>\n\t\t\t\t\t<\/div>\n\t\t<\/section>\n\t\t\t\t<section class=\"elementor-section elementor-inner-section elementor-element elementor-element-e06776e elementor-section-boxed elementor-section-height-default elementor-section-height-default\" data-id=\"e06776e\" data-element_type=\"section\" data-e-type=\"section\">\n\t\t\t\t\t\t<div class=\"elementor-container elementor-column-gap-default\">\n\t\t\t\t\t<div class=\"elementor-column elementor-col-50 elementor-inner-column elementor-element elementor-element-fd4f9dd\" data-id=\"fd4f9dd\" data-element_type=\"column\" data-e-type=\"column\" data-settings=\"{&quot;background_background&quot;:&quot;classic&quot;}\">\n\t\t\t<div class=\"elementor-widget-wrap elementor-element-populated\">\n\t\t\t\t\t<div class=\"elementor-background-overlay\"><\/div>\n\t\t\t\t\t\t<div class=\"elementor-element elementor-element-d1764b4 elementor-invisible elementor-widget elementor-widget-image\" data-id=\"d1764b4\" data-element_type=\"widget\" data-e-type=\"widget\" data-settings=\"{&quot;_animation&quot;:&quot;fadeInRight&quot;}\" data-widget_type=\"image.default\">\n\t\t\t\t<div class=\"elementor-widget-container\">\n\t\t\t\t\t\t\t\t\t\t\t\t\t\t\t<img decoding=\"async\" width=\"640\" height=\"640\" src=\"https:\/\/accessid.com.br\/id\/wp-content\/uploads\/2021\/04\/AProx-Black-Red-e-Yellow.png\" class=\"attachment-full size-full wp-image-2890\" alt=\"\" srcset=\"https:\/\/accessid.com.br\/id\/wp-content\/uploads\/2021\/04\/AProx-Black-Red-e-Yellow.png 640w, https:\/\/accessid.com.br\/id\/wp-content\/uploads\/2021\/04\/AProx-Black-Red-e-Yellow-300x300.png 300w, https:\/\/accessid.com.br\/id\/wp-content\/uploads\/2021\/04\/AProx-Black-Red-e-Yellow-150x150.png 150w, https:\/\/accessid.com.br\/id\/wp-content\/uploads\/2021\/04\/AProx-Black-Red-e-Yellow-600x600.png 600w, https:\/\/accessid.com.br\/id\/wp-content\/uploads\/2021\/04\/AProx-Black-Red-e-Yellow-100x100.png 100w\" sizes=\"(max-width: 640px) 100vw, 640px\" \/>\t\t\t\t\t\t\t\t\t\t\t\t\t\t\t<\/div>\n\t\t\t\t<\/div>\n\t\t\t\t\t<\/div>\n\t\t<\/div>\n\t\t\t\t<div class=\"elementor-column elementor-col-50 elementor-inner-column elementor-element elementor-element-4a91413\" data-id=\"4a91413\" data-element_type=\"column\" data-e-type=\"column\" data-settings=\"{&quot;background_background&quot;:&quot;classic&quot;}\">\n\t\t\t<div class=\"elementor-widget-wrap elementor-element-populated\">\n\t\t\t\t\t\t<div class=\"elementor-element elementor-element-b9e1e62 elementor-widget-divider--view-line elementor-widget elementor-widget-divider\" data-id=\"b9e1e62\" data-element_type=\"widget\" data-e-type=\"widget\" data-widget_type=\"divider.default\">\n\t\t\t\t<div class=\"elementor-widget-container\">\n\t\t\t\t\t\t\t<div class=\"elementor-divider\">\n\t\t\t<span class=\"elementor-divider-separator\">\n\t\t\t\t\t\t<\/span>\n\t\t<\/div>\n\t\t\t\t\t\t<\/div>\n\t\t\t\t<\/div>\n\t\t\t\t<div class=\"elementor-element elementor-element-6849c33 elementor-widget elementor-widget-heading\" data-id=\"6849c33\" data-element_type=\"widget\" data-e-type=\"widget\" data-widget_type=\"heading.default\">\n\t\t\t\t<div class=\"elementor-widget-container\">\n\t\t\t\t\t<h2 class=\"elementor-heading-title elementor-size-default\">AProx<br>Black, Red e Yellow<\/h2>\t\t\t\t<\/div>\n\t\t\t\t<\/div>\n\t\t\t\t<div class=\"elementor-element elementor-element-52b29b0 elementor-widget elementor-widget-text-editor\" data-id=\"52b29b0\" data-element_type=\"widget\" data-e-type=\"widget\" data-widget_type=\"text-editor.default\">\n\t\t\t\t<div class=\"elementor-widget-container\">\n\t\t\t\t\t\t\t\t\t<p>Com seu visual moderno e compacto, o AProx Keyfob \u00e9 ideal para aplica\u00e7\u00f5es em identifica\u00e7\u00e3o pessoal e aplica\u00e7\u00f5es na \u00e1rea de controle de acesso onde n\u00e3o se utiliza identifica\u00e7\u00e3o por foto. S\u00e3o chaveiros RFID extremamente pr\u00e1ticos e resistentes.<\/p>\t\t\t\t\t\t\t\t<\/div>\n\t\t\t\t<\/div>\n\t\t\t\t\t<\/div>\n\t\t<\/div>\n\t\t\t\t\t<\/div>\n\t\t<\/section>\n\t\t\t\t\t<\/div>\n\t\t<\/div>\n\t\t\t\t\t<\/div>\n\t\t<\/section>\n\t\t\t\t<\/div>\n\t\t","protected":false},"excerpt":{"rendered":"<p>Produtos Chaveiro RFID ASmart Keyfob Dark, Blue e Green Com seu visual moderno e compacto, o ASmart Keyfob Dark \u00e9 um chaveiro transl\u00facido ideal para aplica\u00e7\u00f5es em identifica\u00e7\u00e3o pessoal, aplica\u00e7\u00f5es na \u00e1rea de controle de acessO. S\u00e3o chaveiros RFID extremamente pr\u00e1ticos e resistentes AProxBlack, Red e Yellow Com seu visual moderno e compacto, o AProx &hellip;<\/p>\n<p class=\"read-more\"> <a class=\"\" href=\"https:\/\/accessid.com.br\/id\/?page_id=2885\"> <span class=\"screen-reader-text\">Chaveiro RFID<\/span> Leia mais &raquo;<\/a><\/p>\n","protected":false},"author":1,"featured_media":0,"parent":0,"menu_order":0,"comment_status":"closed","ping_status":"closed","template":"","meta":{"_joinchat":[],"footnotes":""},"class_list":["post-2885","page","type-page","status-publish","hentry"],"_links":{"self":[{"href":"https:\/\/accessid.com.br\/id\/index.php?rest_route=\/wp\/v2\/pages\/2885","targetHints":{"allow":["GET"]}}],"collection":[{"href":"https:\/\/accessid.com.br\/id\/index.php?rest_route=\/wp\/v2\/pages"}],"about":[{"href":"https:\/\/accessid.com.br\/id\/index.php?rest_route=\/wp\/v2\/types\/page"}],"author":[{"embeddable":true,"href":"https:\/\/accessid.com.br\/id\/index.php?rest_route=\/wp\/v2\/users\/1"}],"replies":[{"embeddable":true,"href":"https:\/\/accessid.com.br\/id\/index.php?rest_route=%2Fwp%2Fv2%2Fcomments&post=2885"}],"version-history":[{"count":12,"href":"https:\/\/accessid.com.br\/id\/index.php?rest_route=\/wp\/v2\/pages\/2885\/revisions"}],"predecessor-version":[{"id":3310,"href":"https:\/\/accessid.com.br\/id\/index.php?rest_route=\/wp\/v2\/pages\/2885\/revisions\/3310"}],"wp:attachment":[{"href":"https:\/\/accessid.com.br\/id\/index.php?rest_route=%2Fwp%2Fv2%2Fmedia&parent=2885"}],"curies":[{"name":"wp","href":"https:\/\/api.w.org\/{rel}","templated":true}]}}