{"id":2894,"date":"2021-04-13T11:02:19","date_gmt":"2021-04-13T14:02:19","guid":{"rendered":"http:\/\/accessid.com.br\/id\/?page_id=2894"},"modified":"2021-04-14T13:25:51","modified_gmt":"2021-04-14T16:25:51","slug":"tags","status":"publish","type":"page","link":"https:\/\/accessid.com.br\/id\/?page_id=2894","title":{"rendered":"TAGs"},"content":{"rendered":"\t\t<div data-elementor-type=\"wp-post\" data-elementor-id=\"2894\" class=\"elementor elementor-2894\">\n\t\t\t\t\t\t<section class=\"elementor-section elementor-top-section elementor-element elementor-element-8c39fce elementor-section-content-middle elementor-section-boxed elementor-section-height-default elementor-section-height-default elementor-invisible\" data-id=\"8c39fce\" data-element_type=\"section\" data-settings=\"{&quot;background_background&quot;:&quot;classic&quot;,&quot;animation&quot;:&quot;bounceInDown&quot;}\">\n\t\t\t\t\t\t\t<div class=\"elementor-background-overlay\"><\/div>\n\t\t\t\t\t\t\t<div class=\"elementor-container elementor-column-gap-no\">\n\t\t\t\t\t<div class=\"elementor-column elementor-col-100 elementor-top-column elementor-element elementor-element-b1952b1\" data-id=\"b1952b1\" data-element_type=\"column\">\n\t\t\t<div class=\"elementor-widget-wrap elementor-element-populated\">\n\t\t\t\t\t\t<div class=\"elementor-element elementor-element-03b93f0 elementor-widget elementor-widget-heading\" data-id=\"03b93f0\" data-element_type=\"widget\" data-widget_type=\"heading.default\">\n\t\t\t\t<div class=\"elementor-widget-container\">\n\t\t\t\t\t<h1 class=\"elementor-heading-title elementor-size-default\">Produtos<br>\nTAGs<\/h1>\t\t\t\t<\/div>\n\t\t\t\t<\/div>\n\t\t\t\t\t<\/div>\n\t\t<\/div>\n\t\t\t\t\t<\/div>\n\t\t<\/section>\n\t\t\t\t<section class=\"elementor-section elementor-top-section elementor-element elementor-element-d28c655 elementor-section-full_width elementor-section-height-default elementor-section-height-default\" data-id=\"d28c655\" data-element_type=\"section\">\n\t\t\t\t\t\t<div class=\"elementor-container elementor-column-gap-default\">\n\t\t\t\t\t<div class=\"elementor-column elementor-col-100 elementor-top-column elementor-element elementor-element-997bde8\" data-id=\"997bde8\" data-element_type=\"column\" data-settings=\"{&quot;background_background&quot;:&quot;classic&quot;}\">\n\t\t\t<div class=\"elementor-widget-wrap elementor-element-populated\">\n\t\t\t\t\t\t<section class=\"elementor-section elementor-inner-section elementor-element elementor-element-593195b elementor-section-boxed elementor-section-height-default elementor-section-height-default\" data-id=\"593195b\" data-element_type=\"section\">\n\t\t\t\t\t\t<div class=\"elementor-container elementor-column-gap-default\">\n\t\t\t\t\t<div class=\"elementor-column elementor-col-50 elementor-inner-column elementor-element elementor-element-790a4db\" data-id=\"790a4db\" data-element_type=\"column\" data-settings=\"{&quot;background_background&quot;:&quot;classic&quot;}\">\n\t\t\t<div class=\"elementor-widget-wrap elementor-element-populated\">\n\t\t\t\t\t\t<div class=\"elementor-element elementor-element-a991871 elementor-widget-divider--view-line elementor-widget elementor-widget-divider\" data-id=\"a991871\" data-element_type=\"widget\" data-widget_type=\"divider.default\">\n\t\t\t\t<div class=\"elementor-widget-container\">\n\t\t\t\t\t\t\t<div class=\"elementor-divider\">\n\t\t\t<span class=\"elementor-divider-separator\">\n\t\t\t\t\t\t<\/span>\n\t\t<\/div>\n\t\t\t\t\t\t<\/div>\n\t\t\t\t<\/div>\n\t\t\t\t<div class=\"elementor-element elementor-element-ec8a667 elementor-widget elementor-widget-heading\" data-id=\"ec8a667\" data-element_type=\"widget\" data-widget_type=\"heading.default\">\n\t\t\t\t<div class=\"elementor-widget-container\">\n\t\t\t\t\t<h2 class=\"elementor-heading-title elementor-size-default\">CAR  - MOTO TAG<\/h2>\t\t\t\t<\/div>\n\t\t\t\t<\/div>\n\t\t\t\t<div class=\"elementor-element elementor-element-afff73d elementor-widget elementor-widget-text-editor\" data-id=\"afff73d\" data-element_type=\"widget\" data-widget_type=\"text-editor.default\">\n\t\t\t\t<div class=\"elementor-widget-container\">\n\t\t\t\t\t\t\t\t\tO Tag UHF T-5C M4e Auto-Destrutivo possui um forte adesivo com desenho anti-tamper (auto-destrutivo), alto desempenho e \u00e9 ideal para ser colado em p\u00e1ra-brisas de ve\u00edculos CARRO ou MOTO nas aplica\u00e7\u00f5es de AutoID. Uma vez colado, se for removido ele se destr\u00f3i e perde as fun\u00e7\u00f5es de identifica\u00e7\u00e3o.\t\t\t\t\t\t\t\t<\/div>\n\t\t\t\t<\/div>\n\t\t\t\t\t<\/div>\n\t\t<\/div>\n\t\t\t\t<div class=\"elementor-column elementor-col-50 elementor-inner-column elementor-element elementor-element-aa83a1d\" data-id=\"aa83a1d\" data-element_type=\"column\" data-settings=\"{&quot;background_background&quot;:&quot;classic&quot;}\">\n\t\t\t<div class=\"elementor-widget-wrap elementor-element-populated\">\n\t\t\t\t\t<div class=\"elementor-background-overlay\"><\/div>\n\t\t\t\t\t\t<div class=\"elementor-element elementor-element-ff26a5f elementor-invisible elementor-widget elementor-widget-image\" data-id=\"ff26a5f\" data-element_type=\"widget\" data-settings=\"{&quot;_animation&quot;:&quot;fadeInRight&quot;}\" data-widget_type=\"image.default\">\n\t\t\t\t<div class=\"elementor-widget-container\">\n\t\t\t\t\t\t\t\t\t\t\t\t\t\t\t<img fetchpriority=\"high\" decoding=\"async\" width=\"640\" height=\"640\" src=\"https:\/\/accessid.com.br\/id\/wp-content\/uploads\/2021\/04\/CarTAG.png\" class=\"attachment-full size-full wp-image-2898\" alt=\"\" srcset=\"https:\/\/accessid.com.br\/id\/wp-content\/uploads\/2021\/04\/CarTAG.png 640w, https:\/\/accessid.com.br\/id\/wp-content\/uploads\/2021\/04\/CarTAG-300x300.png 300w, https:\/\/accessid.com.br\/id\/wp-content\/uploads\/2021\/04\/CarTAG-150x150.png 150w, https:\/\/accessid.com.br\/id\/wp-content\/uploads\/2021\/04\/CarTAG-600x600.png 600w, https:\/\/accessid.com.br\/id\/wp-content\/uploads\/2021\/04\/CarTAG-100x100.png 100w\" sizes=\"(max-width: 640px) 100vw, 640px\" \/>\t\t\t\t\t\t\t\t\t\t\t\t\t\t\t<\/div>\n\t\t\t\t<\/div>\n\t\t\t\t\t<\/div>\n\t\t<\/div>\n\t\t\t\t\t<\/div>\n\t\t<\/section>\n\t\t\t\t\t<\/div>\n\t\t<\/div>\n\t\t\t\t\t<\/div>\n\t\t<\/section>\n\t\t\t\t<\/div>\n\t\t","protected":false},"excerpt":{"rendered":"<p>Produtos TAGs CAR &#8211; MOTO TAG O Tag UHF T-5C M4e Auto-Destrutivo possui um forte adesivo com desenho anti-tamper (auto-destrutivo), alto desempenho e \u00e9 ideal para ser colado em p\u00e1ra-brisas de ve\u00edculos CARRO ou MOTO nas aplica\u00e7\u00f5es de AutoID. Uma vez colado, se for removido ele se destr\u00f3i e perde as fun\u00e7\u00f5es de identifica\u00e7\u00e3o.<\/p>\n","protected":false},"author":1,"featured_media":0,"parent":0,"menu_order":0,"comment_status":"closed","ping_status":"closed","template":"","meta":{"_joinchat":[],"footnotes":""},"class_list":["post-2894","page","type-page","status-publish","hentry"],"_links":{"self":[{"href":"https:\/\/accessid.com.br\/id\/index.php?rest_route=\/wp\/v2\/pages\/2894","targetHints":{"allow":["GET"]}}],"collection":[{"href":"https:\/\/accessid.com.br\/id\/index.php?rest_route=\/wp\/v2\/pages"}],"about":[{"href":"https:\/\/accessid.com.br\/id\/index.php?rest_route=\/wp\/v2\/types\/page"}],"author":[{"embeddable":true,"href":"https:\/\/accessid.com.br\/id\/index.php?rest_route=\/wp\/v2\/users\/1"}],"replies":[{"embeddable":true,"href":"https:\/\/accessid.com.br\/id\/index.php?rest_route=%2Fwp%2Fv2%2Fcomments&post=2894"}],"version-history":[{"count":7,"href":"https:\/\/accessid.com.br\/id\/index.php?rest_route=\/wp\/v2\/pages\/2894\/revisions"}],"predecessor-version":[{"id":3066,"href":"https:\/\/accessid.com.br\/id\/index.php?rest_route=\/wp\/v2\/pages\/2894\/revisions\/3066"}],"wp:attachment":[{"href":"https:\/\/accessid.com.br\/id\/index.php?rest_route=%2Fwp%2Fv2%2Fmedia&parent=2894"}],"curies":[{"name":"wp","href":"https:\/\/api.w.org\/{rel}","templated":true}]}}