{"id":2902,"date":"2021-04-13T11:08:21","date_gmt":"2021-04-13T14:08:21","guid":{"rendered":"http:\/\/accessid.com.br\/id\/?page_id=2902"},"modified":"2021-04-27T15:09:46","modified_gmt":"2021-04-27T18:09:46","slug":"etiquetas","status":"publish","type":"page","link":"https:\/\/accessid.com.br\/id\/?page_id=2902","title":{"rendered":"Chip de Proximidade"},"content":{"rendered":"\t\t<div data-elementor-type=\"wp-post\" data-elementor-id=\"2902\" class=\"elementor elementor-2902\">\n\t\t\t\t\t\t<section class=\"elementor-section elementor-top-section elementor-element elementor-element-8c39fce elementor-section-content-middle elementor-section-boxed elementor-section-height-default elementor-section-height-default elementor-invisible\" data-id=\"8c39fce\" data-element_type=\"section\" data-e-type=\"section\" data-settings=\"{&quot;background_background&quot;:&quot;classic&quot;,&quot;animation&quot;:&quot;bounceInDown&quot;}\">\n\t\t\t\t\t\t\t<div class=\"elementor-background-overlay\"><\/div>\n\t\t\t\t\t\t\t<div class=\"elementor-container elementor-column-gap-no\">\n\t\t\t\t\t<div class=\"elementor-column elementor-col-100 elementor-top-column elementor-element elementor-element-b1952b1\" data-id=\"b1952b1\" data-element_type=\"column\" data-e-type=\"column\">\n\t\t\t<div class=\"elementor-widget-wrap elementor-element-populated\">\n\t\t\t\t\t\t<div class=\"elementor-element elementor-element-03b93f0 elementor-widget elementor-widget-heading\" data-id=\"03b93f0\" data-element_type=\"widget\" data-e-type=\"widget\" data-widget_type=\"heading.default\">\n\t\t\t\t<div class=\"elementor-widget-container\">\n\t\t\t\t\t<h1 class=\"elementor-heading-title elementor-size-default\">Produtos<br>\nChip de Proximidade<\/h1>\t\t\t\t<\/div>\n\t\t\t\t<\/div>\n\t\t\t\t\t<\/div>\n\t\t<\/div>\n\t\t\t\t\t<\/div>\n\t\t<\/section>\n\t\t\t\t<section class=\"elementor-section elementor-top-section elementor-element elementor-element-d28c655 elementor-section-full_width elementor-section-height-default elementor-section-height-default\" data-id=\"d28c655\" data-element_type=\"section\" data-e-type=\"section\">\n\t\t\t\t\t\t<div class=\"elementor-container elementor-column-gap-default\">\n\t\t\t\t\t<div class=\"elementor-column elementor-col-100 elementor-top-column elementor-element elementor-element-997bde8\" data-id=\"997bde8\" data-element_type=\"column\" data-e-type=\"column\" data-settings=\"{&quot;background_background&quot;:&quot;classic&quot;}\">\n\t\t\t<div class=\"elementor-widget-wrap elementor-element-populated\">\n\t\t\t\t\t\t<section class=\"elementor-section elementor-inner-section elementor-element elementor-element-593195b elementor-section-boxed elementor-section-height-default elementor-section-height-default\" data-id=\"593195b\" data-element_type=\"section\" data-e-type=\"section\">\n\t\t\t\t\t\t<div class=\"elementor-container elementor-column-gap-default\">\n\t\t\t\t\t<div class=\"elementor-column elementor-col-50 elementor-inner-column elementor-element elementor-element-790a4db\" data-id=\"790a4db\" data-element_type=\"column\" data-e-type=\"column\" data-settings=\"{&quot;background_background&quot;:&quot;classic&quot;}\">\n\t\t\t<div class=\"elementor-widget-wrap elementor-element-populated\">\n\t\t\t\t\t\t<div class=\"elementor-element elementor-element-a991871 elementor-widget-divider--view-line elementor-widget elementor-widget-divider\" data-id=\"a991871\" data-element_type=\"widget\" data-e-type=\"widget\" data-widget_type=\"divider.default\">\n\t\t\t\t<div class=\"elementor-widget-container\">\n\t\t\t\t\t\t\t<div class=\"elementor-divider\">\n\t\t\t<span class=\"elementor-divider-separator\">\n\t\t\t\t\t\t<\/span>\n\t\t<\/div>\n\t\t\t\t\t\t<\/div>\n\t\t\t\t<\/div>\n\t\t\t\t<div class=\"elementor-element elementor-element-ec8a667 elementor-widget elementor-widget-heading\" data-id=\"ec8a667\" data-element_type=\"widget\" data-e-type=\"widget\" data-widget_type=\"heading.default\">\n\t\t\t\t<div class=\"elementor-widget-container\">\n\t\t\t\t\t<h2 class=\"elementor-heading-title elementor-size-default\">CLEAR DISC<\/h2>\t\t\t\t<\/div>\n\t\t\t\t<\/div>\n\t\t\t\t<div class=\"elementor-element elementor-element-afff73d elementor-widget elementor-widget-text-editor\" data-id=\"afff73d\" data-element_type=\"widget\" data-e-type=\"widget\" data-widget_type=\"text-editor.default\">\n\t\t\t\t<div class=\"elementor-widget-container\">\n\t\t\t\t\t\t\t\t\tO tag de proximidade AProx Clear Disc Unique Adesivado tem formato de disco, \u00e9 uma unidade eletr\u00f4nica RFID passiva somente leitura da Linha AProx. Com 30 mm de di\u00e2metro, possui adesivo em uma das faces e c\u00f3digo \u00fanico de 64 bits pr\u00e9-gravado de f\u00e1brica. Pr\u00e1tico e econ\u00f4mico, ideal para ser colado diretamente em qualquer dispositivo de identifica\u00e7\u00e3o, podendo ser utilizado em aplica\u00e7\u00f5es de controle de estoque, gerenciamento de ativos e identifica\u00e7\u00e3o em geral. N\u00e3o pode ser colocado em superf\u00edcies met\u00e1licas.\t\t\t\t\t\t\t\t<\/div>\n\t\t\t\t<\/div>\n\t\t\t\t\t<\/div>\n\t\t<\/div>\n\t\t\t\t<div class=\"elementor-column elementor-col-50 elementor-inner-column elementor-element elementor-element-aa83a1d\" data-id=\"aa83a1d\" data-element_type=\"column\" data-e-type=\"column\" data-settings=\"{&quot;background_background&quot;:&quot;classic&quot;}\">\n\t\t\t<div class=\"elementor-widget-wrap elementor-element-populated\">\n\t\t\t\t\t<div class=\"elementor-background-overlay\"><\/div>\n\t\t\t\t\t\t<div class=\"elementor-element elementor-element-ff26a5f elementor-invisible elementor-widget elementor-widget-image\" data-id=\"ff26a5f\" data-element_type=\"widget\" data-e-type=\"widget\" data-settings=\"{&quot;_animation&quot;:&quot;fadeInRight&quot;}\" data-widget_type=\"image.default\">\n\t\t\t\t<div class=\"elementor-widget-container\">\n\t\t\t\t\t\t\t\t\t\t\t\t\t\t\t<img fetchpriority=\"high\" decoding=\"async\" width=\"640\" height=\"640\" src=\"https:\/\/accessid.com.br\/id\/wp-content\/uploads\/2021\/04\/ClearDisc.png\" class=\"attachment-full size-full wp-image-2904\" alt=\"\" srcset=\"https:\/\/accessid.com.br\/id\/wp-content\/uploads\/2021\/04\/ClearDisc.png 640w, https:\/\/accessid.com.br\/id\/wp-content\/uploads\/2021\/04\/ClearDisc-300x300.png 300w, https:\/\/accessid.com.br\/id\/wp-content\/uploads\/2021\/04\/ClearDisc-150x150.png 150w, https:\/\/accessid.com.br\/id\/wp-content\/uploads\/2021\/04\/ClearDisc-600x600.png 600w, https:\/\/accessid.com.br\/id\/wp-content\/uploads\/2021\/04\/ClearDisc-100x100.png 100w\" sizes=\"(max-width: 640px) 100vw, 640px\" \/>\t\t\t\t\t\t\t\t\t\t\t\t\t\t\t<\/div>\n\t\t\t\t<\/div>\n\t\t\t\t\t<\/div>\n\t\t<\/div>\n\t\t\t\t\t<\/div>\n\t\t<\/section>\n\t\t\t\t\t<\/div>\n\t\t<\/div>\n\t\t\t\t\t<\/div>\n\t\t<\/section>\n\t\t\t\t<\/div>\n\t\t","protected":false},"excerpt":{"rendered":"<p>Produtos Chip de Proximidade CLEAR DISC O tag de proximidade AProx Clear Disc Unique Adesivado tem formato de disco, \u00e9 uma unidade eletr\u00f4nica RFID passiva somente leitura da Linha AProx. Com 30 mm de di\u00e2metro, possui adesivo em uma das faces e c\u00f3digo \u00fanico de 64 bits pr\u00e9-gravado de f\u00e1brica. Pr\u00e1tico e econ\u00f4mico, ideal para &hellip;<\/p>\n<p class=\"read-more\"> <a class=\"\" href=\"https:\/\/accessid.com.br\/id\/?page_id=2902\"> <span class=\"screen-reader-text\">Chip de Proximidade<\/span> Leia mais &raquo;<\/a><\/p>\n","protected":false},"author":1,"featured_media":0,"parent":0,"menu_order":0,"comment_status":"closed","ping_status":"closed","template":"","meta":{"_joinchat":[],"footnotes":""},"class_list":["post-2902","page","type-page","status-publish","hentry"],"_links":{"self":[{"href":"https:\/\/accessid.com.br\/id\/index.php?rest_route=\/wp\/v2\/pages\/2902","targetHints":{"allow":["GET"]}}],"collection":[{"href":"https:\/\/accessid.com.br\/id\/index.php?rest_route=\/wp\/v2\/pages"}],"about":[{"href":"https:\/\/accessid.com.br\/id\/index.php?rest_route=\/wp\/v2\/types\/page"}],"author":[{"embeddable":true,"href":"https:\/\/accessid.com.br\/id\/index.php?rest_route=\/wp\/v2\/users\/1"}],"replies":[{"embeddable":true,"href":"https:\/\/accessid.com.br\/id\/index.php?rest_route=%2Fwp%2Fv2%2Fcomments&post=2902"}],"version-history":[{"count":14,"href":"https:\/\/accessid.com.br\/id\/index.php?rest_route=\/wp\/v2\/pages\/2902\/revisions"}],"predecessor-version":[{"id":3433,"href":"https:\/\/accessid.com.br\/id\/index.php?rest_route=\/wp\/v2\/pages\/2902\/revisions\/3433"}],"wp:attachment":[{"href":"https:\/\/accessid.com.br\/id\/index.php?rest_route=%2Fwp%2Fv2%2Fmedia&parent=2902"}],"curies":[{"name":"wp","href":"https:\/\/api.w.org\/{rel}","templated":true}]}}