{"id":2925,"date":"2021-04-13T11:29:46","date_gmt":"2021-04-13T14:29:46","guid":{"rendered":"http:\/\/accessid.com.br\/id\/?page_id=2925"},"modified":"2021-04-21T20:13:52","modified_gmt":"2021-04-21T23:13:52","slug":"cancelas","status":"publish","type":"page","link":"https:\/\/accessid.com.br\/id\/?page_id=2925","title":{"rendered":"Cancelas"},"content":{"rendered":"\t\t<div data-elementor-type=\"wp-post\" data-elementor-id=\"2925\" class=\"elementor elementor-2925\">\n\t\t\t\t\t\t<section class=\"elementor-section elementor-top-section elementor-element elementor-element-8c39fce elementor-section-content-middle elementor-section-boxed elementor-section-height-default elementor-section-height-default elementor-invisible\" data-id=\"8c39fce\" data-element_type=\"section\" data-e-type=\"section\" data-settings=\"{&quot;background_background&quot;:&quot;classic&quot;,&quot;animation&quot;:&quot;bounceInDown&quot;}\">\n\t\t\t\t\t\t\t<div class=\"elementor-background-overlay\"><\/div>\n\t\t\t\t\t\t\t<div class=\"elementor-container elementor-column-gap-no\">\n\t\t\t\t\t<div class=\"elementor-column elementor-col-100 elementor-top-column elementor-element elementor-element-b1952b1\" data-id=\"b1952b1\" data-element_type=\"column\" data-e-type=\"column\">\n\t\t\t<div class=\"elementor-widget-wrap elementor-element-populated\">\n\t\t\t\t\t\t<div class=\"elementor-element elementor-element-03b93f0 elementor-widget elementor-widget-heading\" data-id=\"03b93f0\" data-element_type=\"widget\" data-e-type=\"widget\" data-widget_type=\"heading.default\">\n\t\t\t\t<div class=\"elementor-widget-container\">\n\t\t\t\t\t<h1 class=\"elementor-heading-title elementor-size-default\">Produtos<br>\nCancelas <\/h1>\t\t\t\t<\/div>\n\t\t\t\t<\/div>\n\t\t\t\t\t<\/div>\n\t\t<\/div>\n\t\t\t\t\t<\/div>\n\t\t<\/section>\n\t\t\t\t<section class=\"elementor-section elementor-top-section elementor-element elementor-element-d28c655 elementor-section-full_width elementor-section-height-default elementor-section-height-default\" data-id=\"d28c655\" data-element_type=\"section\" data-e-type=\"section\">\n\t\t\t\t\t\t<div class=\"elementor-container elementor-column-gap-default\">\n\t\t\t\t\t<div class=\"elementor-column elementor-col-100 elementor-top-column elementor-element elementor-element-997bde8\" data-id=\"997bde8\" data-element_type=\"column\" data-e-type=\"column\" data-settings=\"{&quot;background_background&quot;:&quot;classic&quot;}\">\n\t\t\t<div class=\"elementor-widget-wrap elementor-element-populated\">\n\t\t\t\t\t\t<section class=\"elementor-section elementor-inner-section elementor-element elementor-element-593195b elementor-section-boxed elementor-section-height-default elementor-section-height-default\" data-id=\"593195b\" data-element_type=\"section\" data-e-type=\"section\">\n\t\t\t\t\t\t<div class=\"elementor-container elementor-column-gap-default\">\n\t\t\t\t\t<div class=\"elementor-column elementor-col-50 elementor-inner-column elementor-element elementor-element-790a4db\" data-id=\"790a4db\" data-element_type=\"column\" data-e-type=\"column\" data-settings=\"{&quot;background_background&quot;:&quot;classic&quot;}\">\n\t\t\t<div class=\"elementor-widget-wrap elementor-element-populated\">\n\t\t\t\t\t\t<div class=\"elementor-element elementor-element-a991871 elementor-widget-divider--view-line elementor-widget elementor-widget-divider\" data-id=\"a991871\" data-element_type=\"widget\" data-e-type=\"widget\" data-widget_type=\"divider.default\">\n\t\t\t\t<div class=\"elementor-widget-container\">\n\t\t\t\t\t\t\t<div class=\"elementor-divider\">\n\t\t\t<span class=\"elementor-divider-separator\">\n\t\t\t\t\t\t<\/span>\n\t\t<\/div>\n\t\t\t\t\t\t<\/div>\n\t\t\t\t<\/div>\n\t\t\t\t<div class=\"elementor-element elementor-element-ec8a667 elementor-widget elementor-widget-heading\" data-id=\"ec8a667\" data-element_type=\"widget\" data-e-type=\"widget\" data-widget_type=\"heading.default\">\n\t\t\t\t<div class=\"elementor-widget-container\">\n\t\t\t\t\t<h2 class=\"elementor-heading-title elementor-size-default\">Linha FAST1M - G7 Acesso<\/h2>\t\t\t\t<\/div>\n\t\t\t\t<\/div>\n\t\t\t\t<div class=\"elementor-element elementor-element-afff73d elementor-widget elementor-widget-text-editor\" data-id=\"afff73d\" data-element_type=\"widget\" data-e-type=\"widget\" data-widget_type=\"text-editor.default\">\n\t\t\t\t<div class=\"elementor-widget-container\">\n\t\t\t\t\t\t\t\t\t<p>A linha FAST1M da G7 Acesso \u00e9 a que possui melhor custo-benef\u00edcio do mercado. Cumpre todas as necessidades, desde um simples acionamento por bot\u00e3o at\u00e9 os mais sofisticados sistemas de controle de acesso.<\/p><p>Possui um baixo custo, suas pe\u00e7as de reposi\u00e7\u00e3o s\u00e3o muito baratas, o que a diferencia de qualquer concorrente do mercado.<\/p><p>Seu hist\u00f3rico de manuten\u00e7\u00e3o se concentra mais na parte eletr\u00f4nica, que se protegida com um bom aterramento, a isenta de manuten\u00e7\u00e3o por um longo per\u00edodo. Sua haste pode chegar a 4,5m reta ou articulada; escamoteia tanto para o lado esquerdo como para o lado direito (item importante a ser citado na aquisi\u00e7\u00e3o).<\/p><p>A cor padr\u00e3o adotada pela G7 Acesso \u00e9 amarela, mas pode ser pintada em outras cores, sob consulta.<\/p><p>\u201cPermite No Break G7 somente com prote\u00e7\u00e3o de foto-c\u00e9lula \u201d<\/p>\t\t\t\t\t\t\t\t<\/div>\n\t\t\t\t<\/div>\n\t\t\t\t\t<\/div>\n\t\t<\/div>\n\t\t\t\t<div class=\"elementor-column elementor-col-50 elementor-inner-column elementor-element elementor-element-aa83a1d\" data-id=\"aa83a1d\" data-element_type=\"column\" data-e-type=\"column\" data-settings=\"{&quot;background_background&quot;:&quot;classic&quot;}\">\n\t\t\t<div class=\"elementor-widget-wrap elementor-element-populated\">\n\t\t\t\t\t<div class=\"elementor-background-overlay\"><\/div>\n\t\t\t\t\t\t<div class=\"elementor-element elementor-element-ff26a5f elementor-invisible elementor-widget elementor-widget-image\" data-id=\"ff26a5f\" data-element_type=\"widget\" data-e-type=\"widget\" data-settings=\"{&quot;_animation&quot;:&quot;fadeInRight&quot;}\" data-widget_type=\"image.default\">\n\t\t\t\t<div class=\"elementor-widget-container\">\n\t\t\t\t\t\t\t\t\t\t\t\t\t\t\t<img fetchpriority=\"high\" decoding=\"async\" width=\"1024\" height=\"702\" src=\"https:\/\/accessid.com.br\/id\/wp-content\/uploads\/2021\/04\/Linha-Fast-1024x702-1.jpeg\" class=\"attachment-full size-full wp-image-3022\" alt=\"\" srcset=\"https:\/\/accessid.com.br\/id\/wp-content\/uploads\/2021\/04\/Linha-Fast-1024x702-1.jpeg 1024w, https:\/\/accessid.com.br\/id\/wp-content\/uploads\/2021\/04\/Linha-Fast-1024x702-1-300x206.jpeg 300w, https:\/\/accessid.com.br\/id\/wp-content\/uploads\/2021\/04\/Linha-Fast-1024x702-1-768x527.jpeg 768w, https:\/\/accessid.com.br\/id\/wp-content\/uploads\/2021\/04\/Linha-Fast-1024x702-1-600x411.jpeg 600w\" sizes=\"(max-width: 1024px) 100vw, 1024px\" \/>\t\t\t\t\t\t\t\t\t\t\t\t\t\t\t<\/div>\n\t\t\t\t<\/div>\n\t\t\t\t\t<\/div>\n\t\t<\/div>\n\t\t\t\t\t<\/div>\n\t\t<\/section>\n\t\t\t\t\t<\/div>\n\t\t<\/div>\n\t\t\t\t\t<\/div>\n\t\t<\/section>\n\t\t\t\t<\/div>\n\t\t","protected":false},"excerpt":{"rendered":"<p>Produtos Cancelas Linha FAST1M &#8211; G7 Acesso A linha FAST1M da G7 Acesso \u00e9 a que possui melhor custo-benef\u00edcio do mercado. Cumpre todas as necessidades, desde um simples acionamento por bot\u00e3o at\u00e9 os mais sofisticados sistemas de controle de acesso. Possui um baixo custo, suas pe\u00e7as de reposi\u00e7\u00e3o s\u00e3o muito baratas, o que a diferencia &hellip;<\/p>\n<p class=\"read-more\"> <a class=\"\" href=\"https:\/\/accessid.com.br\/id\/?page_id=2925\"> <span class=\"screen-reader-text\">Cancelas<\/span> Leia mais &raquo;<\/a><\/p>\n","protected":false},"author":1,"featured_media":0,"parent":0,"menu_order":0,"comment_status":"closed","ping_status":"closed","template":"","meta":{"_joinchat":[],"footnotes":""},"class_list":["post-2925","page","type-page","status-publish","hentry"],"_links":{"self":[{"href":"https:\/\/accessid.com.br\/id\/index.php?rest_route=\/wp\/v2\/pages\/2925","targetHints":{"allow":["GET"]}}],"collection":[{"href":"https:\/\/accessid.com.br\/id\/index.php?rest_route=\/wp\/v2\/pages"}],"about":[{"href":"https:\/\/accessid.com.br\/id\/index.php?rest_route=\/wp\/v2\/types\/page"}],"author":[{"embeddable":true,"href":"https:\/\/accessid.com.br\/id\/index.php?rest_route=\/wp\/v2\/users\/1"}],"replies":[{"embeddable":true,"href":"https:\/\/accessid.com.br\/id\/index.php?rest_route=%2Fwp%2Fv2%2Fcomments&post=2925"}],"version-history":[{"count":13,"href":"https:\/\/accessid.com.br\/id\/index.php?rest_route=\/wp\/v2\/pages\/2925\/revisions"}],"predecessor-version":[{"id":3304,"href":"https:\/\/accessid.com.br\/id\/index.php?rest_route=\/wp\/v2\/pages\/2925\/revisions\/3304"}],"wp:attachment":[{"href":"https:\/\/accessid.com.br\/id\/index.php?rest_route=%2Fwp%2Fv2%2Fmedia&parent=2925"}],"curies":[{"name":"wp","href":"https:\/\/api.w.org\/{rel}","templated":true}]}}