{"id":3622,"date":"2025-01-29T07:49:15","date_gmt":"2025-01-29T10:49:15","guid":{"rendered":"https:\/\/accessid.com.br\/id\/?page_id=3622"},"modified":"2025-01-30T09:24:50","modified_gmt":"2025-01-30T12:24:50","slug":"sistemas-3","status":"publish","type":"page","link":"https:\/\/accessid.com.br\/id\/?page_id=3622","title":{"rendered":"Sistemas"},"content":{"rendered":"\t\t<div data-elementor-type=\"wp-post\" data-elementor-id=\"3622\" class=\"elementor elementor-3622\">\n\t\t\t\t\t\t<section class=\"elementor-section elementor-top-section elementor-element elementor-element-8c39fce elementor-section-content-middle elementor-section-boxed elementor-section-height-default elementor-section-height-default elementor-invisible\" data-id=\"8c39fce\" data-element_type=\"section\" data-e-type=\"section\" data-settings=\"{&quot;background_background&quot;:&quot;classic&quot;,&quot;animation&quot;:&quot;bounceInDown&quot;}\">\n\t\t\t\t\t\t\t<div class=\"elementor-background-overlay\"><\/div>\n\t\t\t\t\t\t\t<div class=\"elementor-container elementor-column-gap-no\">\n\t\t\t\t\t<div class=\"elementor-column elementor-col-100 elementor-top-column elementor-element elementor-element-b1952b1\" data-id=\"b1952b1\" data-element_type=\"column\" data-e-type=\"column\">\n\t\t\t<div class=\"elementor-widget-wrap elementor-element-populated\">\n\t\t\t\t\t\t<div class=\"elementor-element elementor-element-03b93f0 elementor-widget elementor-widget-heading\" data-id=\"03b93f0\" data-element_type=\"widget\" data-e-type=\"widget\" data-widget_type=\"heading.default\">\n\t\t\t\t<div class=\"elementor-widget-container\">\n\t\t\t\t\t<h1 class=\"elementor-heading-title elementor-size-default\">Sistemas<\/h1>\t\t\t\t<\/div>\n\t\t\t\t<\/div>\n\t\t\t\t\t<\/div>\n\t\t<\/div>\n\t\t\t\t\t<\/div>\n\t\t<\/section>\n\t\t\t\t<section class=\"elementor-section elementor-top-section elementor-element elementor-element-d28c655 elementor-section-full_width elementor-section-height-default elementor-section-height-default\" data-id=\"d28c655\" data-element_type=\"section\" data-e-type=\"section\">\n\t\t\t\t\t\t<div class=\"elementor-container elementor-column-gap-default\">\n\t\t\t\t\t<div class=\"elementor-column elementor-col-100 elementor-top-column elementor-element elementor-element-997bde8\" data-id=\"997bde8\" data-element_type=\"column\" data-e-type=\"column\" data-settings=\"{&quot;background_background&quot;:&quot;classic&quot;}\">\n\t\t\t<div class=\"elementor-widget-wrap elementor-element-populated\">\n\t\t\t\t\t\t<section class=\"elementor-section elementor-inner-section elementor-element elementor-element-e01a4d7 elementor-section-boxed elementor-section-height-default elementor-section-height-default\" data-id=\"e01a4d7\" data-element_type=\"section\" data-e-type=\"section\">\n\t\t\t\t\t\t<div class=\"elementor-container elementor-column-gap-default\">\n\t\t\t\t\t<div class=\"elementor-column elementor-col-50 elementor-inner-column elementor-element elementor-element-dd9167d\" data-id=\"dd9167d\" data-element_type=\"column\" data-e-type=\"column\" data-settings=\"{&quot;background_background&quot;:&quot;classic&quot;}\">\n\t\t\t<div class=\"elementor-widget-wrap elementor-element-populated\">\n\t\t\t\t\t<div class=\"elementor-background-overlay\"><\/div>\n\t\t\t\t\t\t<div class=\"elementor-element elementor-element-951a895 elementor-invisible elementor-widget elementor-widget-image\" data-id=\"951a895\" data-element_type=\"widget\" data-e-type=\"widget\" data-settings=\"{&quot;_animation&quot;:&quot;fadeInRight&quot;}\" data-widget_type=\"image.default\">\n\t\t\t\t<div class=\"elementor-widget-container\">\n\t\t\t\t\t\t\t\t\t\t\t\t\t\t\t<img fetchpriority=\"high\" decoding=\"async\" width=\"500\" height=\"300\" src=\"https:\/\/accessid.com.br\/id\/wp-content\/uploads\/2025\/01\/sis1a_1.jpg\" class=\"attachment-full size-full wp-image-3617\" alt=\"\" srcset=\"https:\/\/accessid.com.br\/id\/wp-content\/uploads\/2025\/01\/sis1a_1.jpg 500w, https:\/\/accessid.com.br\/id\/wp-content\/uploads\/2025\/01\/sis1a_1-300x180.jpg 300w\" sizes=\"(max-width: 500px) 100vw, 500px\" \/>\t\t\t\t\t\t\t\t\t\t\t\t\t\t\t<\/div>\n\t\t\t\t<\/div>\n\t\t\t\t\t<\/div>\n\t\t<\/div>\n\t\t\t\t<div class=\"elementor-column elementor-col-50 elementor-inner-column elementor-element elementor-element-818f899\" data-id=\"818f899\" data-element_type=\"column\" data-e-type=\"column\" data-settings=\"{&quot;background_background&quot;:&quot;classic&quot;}\">\n\t\t\t<div class=\"elementor-widget-wrap elementor-element-populated\">\n\t\t\t\t\t\t<div class=\"elementor-element elementor-element-dbfa2f9 elementor-widget-divider--view-line elementor-widget elementor-widget-divider\" data-id=\"dbfa2f9\" data-element_type=\"widget\" data-e-type=\"widget\" data-widget_type=\"divider.default\">\n\t\t\t\t<div class=\"elementor-widget-container\">\n\t\t\t\t\t\t\t<div class=\"elementor-divider\">\n\t\t\t<span class=\"elementor-divider-separator\">\n\t\t\t\t\t\t<\/span>\n\t\t<\/div>\n\t\t\t\t\t\t<\/div>\n\t\t\t\t<\/div>\n\t\t\t\t<div class=\"elementor-element elementor-element-1922a88 elementor-widget elementor-widget-heading\" data-id=\"1922a88\" data-element_type=\"widget\" data-e-type=\"widget\" data-widget_type=\"heading.default\">\n\t\t\t\t<div class=\"elementor-widget-container\">\n\t\t\t\t\t<h2 class=\"elementor-heading-title elementor-size-default\">Controle de Ponto<\/h2>\t\t\t\t<\/div>\n\t\t\t\t<\/div>\n\t\t\t\t<div class=\"elementor-element elementor-element-624c694 elementor-widget elementor-widget-text-editor\" data-id=\"624c694\" data-element_type=\"widget\" data-e-type=\"widget\" data-widget_type=\"text-editor.default\">\n\t\t\t\t<div class=\"elementor-widget-container\">\n\t\t\t\t\t\t\t\t\t<p>Com a revolucion\u00e1ria plataforma RHiD, a Access iD, em parceria com a&nbsp; Control iD, traz um sistema completo que permite a apura\u00e7\u00e3o de ponto na nuvem.<\/p>\n<p>Utilizando os mais modernos conceitos de SaaS (Software as a Service), o sistema dispensa a instala\u00e7\u00e3o e o armazenamento de informa\u00e7\u00f5es em computadores locais, pois todos os dados podem ser acessados atrav\u00e9s de um navegador ou utilizando o aplicativo para celular.<\/p>\n<p>A colabora\u00e7\u00e3o em tempo real entre gestores, funcion\u00e1rios e equipamentos oferece maior comodidade e liberdade para monitorar a frequ\u00eancia dos empregados.<\/p>\n<p>Al\u00e9m disso, as atualiza\u00e7\u00f5es do software s\u00e3o autom\u00e1ticas e disponibilizadas rapidamente aos clientes.<\/p>\t\t\t\t\t\t\t\t<\/div>\n\t\t\t\t<\/div>\n\t\t\t\t<div class=\"elementor-element elementor-element-46e105b showme elementor-widget elementor-widget-button\" data-id=\"46e105b\" data-element_type=\"widget\" data-e-type=\"widget\" data-widget_type=\"button.default\">\n\t\t\t\t<div class=\"elementor-widget-container\">\n\t\t\t\t\t\t\t\t\t<div class=\"elementor-button-wrapper\">\n\t\t\t\t\t<a class=\"elementor-button elementor-button-link elementor-size-sm\" href=\"#\">\n\t\t\t\t\t\t<span class=\"elementor-button-content-wrapper\">\n\t\t\t\t\t\t\t\t\t<span class=\"elementor-button-text\">Leia mais<\/span>\n\t\t\t\t\t<\/span>\n\t\t\t\t\t<\/a>\n\t\t\t\t<\/div>\n\t\t\t\t\t\t\t\t<\/div>\n\t\t\t\t<\/div>\n\t\t\t\t<div class=\"elementor-element elementor-element-e11f807 elementor-widget elementor-widget-html\" data-id=\"e11f807\" data-element_type=\"widget\" data-e-type=\"widget\" data-widget_type=\"html.default\">\n\t\t\t\t<div class=\"elementor-widget-container\">\n\t\t\t\t\t<script>\ndocument.addEventListener('DOMContentLoaded', function() {\njQuery(function($){\n$('.showme').click(function(){\nvar buttonText = $(this).text(); \/\/ Obter o texto atual do bot\u00e3o\n$(this).closest('.elementor-section').next().slideToggle();\n$(this).toggleClass('opened');\n\/\/ Alterar o texto do bot\u00e3o de acordo com seu estado atual\n  if ($(this).hasClass('opened')) {\n    $(this).text(buttonText.replace('Leia mais', 'Fechar'));\n    $(this).css('color', 'white');\n    $(this).css('background', '#1E28A2');\n    $(this).css('font-size', '15px');\n    $(this).css('font-family', 'Roboto');\n    $(this).css('cursor', 'pointer');\n    $(this).css('padding', '8px 15px 8px 15px');\n    $(this).css('border-radius', '10px');\/\/ Alterar o texto para \"Esconder\"\n  } else {\n    $(this).text(buttonText.replace('Fechar', 'Leia mais')); \/\/ Alterar o texto para \"Mostrar\"\n  }\n});\n$('.closebutton').click(function(){\n$(this).closest('.elementor-section').prev().find('.showme').click();\n});\n});\n});\n<\/script>\n<style>\n.showme a, .showme svg, .showme i , .showme img, .closebutton a, .closebutton i, .closebutton img{\ncursor: pointer;\n-webkit-transition: transform 0.34s ease;\ntransition : transform 0.34s ease;\n}\n.opened i , .opened img,.opened svg{\ntransform: rotate(90deg);\n}\n<\/style>\t\t\t\t<\/div>\n\t\t\t\t<\/div>\n\t\t\t\t\t<\/div>\n\t\t<\/div>\n\t\t\t\t\t<\/div>\n\t\t<\/section>\n\t\t\t\t<section class=\"elementor-section elementor-inner-section elementor-element elementor-element-cb7e973 elementor-hidden-desktop elementor-hidden-tablet elementor-hidden-phone elementor-section-boxed elementor-section-height-default elementor-section-height-default\" data-id=\"cb7e973\" data-element_type=\"section\" data-e-type=\"section\">\n\t\t\t\t\t\t<div class=\"elementor-container elementor-column-gap-default\">\n\t\t\t\t\t<div class=\"elementor-column elementor-col-100 elementor-inner-column elementor-element elementor-element-a0c94fd\" data-id=\"a0c94fd\" data-element_type=\"column\" data-e-type=\"column\" data-settings=\"{&quot;background_background&quot;:&quot;classic&quot;}\">\n\t\t\t<div class=\"elementor-widget-wrap elementor-element-populated\">\n\t\t\t\t\t\t<div class=\"elementor-element elementor-element-62abaa8 elementor-widget elementor-widget-text-editor\" data-id=\"62abaa8\" data-element_type=\"widget\" data-e-type=\"widget\" data-widget_type=\"text-editor.default\">\n\t\t\t\t<div class=\"elementor-widget-container\">\n\t\t\t\t\t\t\t\t\t<h4 style=\"font-size: 1.33333rem; font-style: normal; background-color: #ededef;\">F\u00e1cil utiliza\u00e7\u00e3o<\/h4><p style=\"font-size: 15px; font-style: normal; font-weight: 400; background-color: #ededef;\">A solu\u00e7\u00e3o RHiD foi desenvolvida com foco em usabilidade, tornando a experi\u00eancia do gestor de RH e do pr\u00f3prio funcion\u00e1rio a mais intuitiva poss\u00edvel. O sistema trabalha em nuvem, n\u00e3o sendo necess\u00e1ria nenhuma instala\u00e7\u00e3o, e a interface 100% web permite o uso de qualquer dispositivo para realizar os acessos.<\/p><h4 style=\"font-size: 1.33333rem; font-style: normal; background-color: #ededef;\">Converg\u00eancia<\/h4><p style=\"font-size: 15px; font-style: normal; font-weight: 400; background-color: #ededef;\">Criamos uma solu\u00e7\u00e3o que integra as marca\u00e7\u00f5es de ponto atrav\u00e9s dos REPs, marca\u00e7\u00f5es realizadas atrav\u00e9s de nosso APP exclusivo que funciona em Android e iOS, al\u00e9m de permitir marca\u00e7\u00f5es no pr\u00f3prio PC do funcion\u00e1rio.<\/p><h4 style=\"font-size: 1.33333rem; font-style: normal; background-color: #ededef;\">Integra\u00e7\u00e3o com REP<\/h4><p style=\"font-size: 15px; font-style: normal; font-weight: 400; background-color: #ededef;\">O sistema est\u00e1 integrado de forma nativa com os REPs (rel\u00f3gios de ponto) da Control iD utilizando o software iDCloud, que garante o sincronismo bidirecional das informa\u00e7\u00f5es sem necessidade de interven\u00e7\u00e3o humana, por\u00e9m Integra tamb\u00e9m com equipamentos de outros fabricantes atrav\u00e9s dos arquivos AFD.<\/p><h4 style=\"font-size: 1.33333rem; font-style: normal; background-color: #ededef;\">Apura\u00e7\u00e3o de ponto<\/h4><p style=\"font-size: 15px; font-style: normal; font-weight: 400; background-color: #ededef;\">O RHiD permite realizar o controle de ponto de forma bastante flex\u00edvel, atendendo a uma enorme gama de empresas, sindicatos, hor\u00e1rios e particularidades da legisla\u00e7\u00e3o brasileira. \u00c9 poss\u00edvel ainda trabalhar com um n\u00famero ilimitado de funcion\u00e1rios e empresas e ainda realizar o controle de fluxo de aprova\u00e7\u00f5es.<\/p><p style=\"font-size: 15px; font-style: normal; font-weight: 400; background-color: #ededef;\">Solu\u00e7\u00e3o completa de apura\u00e7\u00e3o de ponto\u00a0\u00a0\u00a0\u00a0\u00a0\u00a0\u00a0\u00a0<\/p><p style=\"font-size: 15px; font-style: normal; font-weight: 400; background-color: #ededef;\"><img decoding=\"async\" class=\"alignnone size-medium wp-image-3624\" src=\"https:\/\/accessid.com.br\/id\/wp-content\/uploads\/2025\/01\/rhid1-300x297.jpg\" alt=\"\" width=\"300\" height=\"297\" srcset=\"https:\/\/accessid.com.br\/id\/wp-content\/uploads\/2025\/01\/rhid1-300x297.jpg 300w, https:\/\/accessid.com.br\/id\/wp-content\/uploads\/2025\/01\/rhid1-150x150.jpg 150w, https:\/\/accessid.com.br\/id\/wp-content\/uploads\/2025\/01\/rhid1.jpg 688w\" sizes=\"(max-width: 300px) 100vw, 300px\" \/><\/p><p style=\"font-size: 15px; font-style: normal; font-weight: 400; background-color: #ededef;\"><span style=\"font-size: 15px; font-weight: bold;\">Consulte-nos sem compromisso!<\/span><\/p>\t\t\t\t\t\t\t\t<\/div>\n\t\t\t\t<\/div>\n\t\t\t\t\t<\/div>\n\t\t<\/div>\n\t\t\t\t\t<\/div>\n\t\t<\/section>\n\t\t\t\t<section class=\"elementor-section elementor-inner-section elementor-element elementor-element-9ff513e elementor-section-boxed elementor-section-height-default elementor-section-height-default\" data-id=\"9ff513e\" data-element_type=\"section\" data-e-type=\"section\">\n\t\t\t\t\t\t<div class=\"elementor-container elementor-column-gap-default\">\n\t\t\t\t\t<div class=\"elementor-column elementor-col-50 elementor-inner-column elementor-element elementor-element-5b890c8\" data-id=\"5b890c8\" data-element_type=\"column\" data-e-type=\"column\" data-settings=\"{&quot;background_background&quot;:&quot;classic&quot;}\">\n\t\t\t<div class=\"elementor-widget-wrap elementor-element-populated\">\n\t\t\t\t\t\t<div class=\"elementor-element elementor-element-da59ec3 elementor-widget-divider--view-line elementor-widget elementor-widget-divider\" data-id=\"da59ec3\" data-element_type=\"widget\" data-e-type=\"widget\" data-widget_type=\"divider.default\">\n\t\t\t\t<div class=\"elementor-widget-container\">\n\t\t\t\t\t\t\t<div class=\"elementor-divider\">\n\t\t\t<span class=\"elementor-divider-separator\">\n\t\t\t\t\t\t<\/span>\n\t\t<\/div>\n\t\t\t\t\t\t<\/div>\n\t\t\t\t<\/div>\n\t\t\t\t<div class=\"elementor-element elementor-element-8eda6e1 elementor-widget elementor-widget-heading\" data-id=\"8eda6e1\" data-element_type=\"widget\" data-e-type=\"widget\" data-widget_type=\"heading.default\">\n\t\t\t\t<div class=\"elementor-widget-container\">\n\t\t\t\t\t<h2 class=\"elementor-heading-title elementor-size-xl\">Controle de Acesso<\/h2>\t\t\t\t<\/div>\n\t\t\t\t<\/div>\n\t\t\t\t<div class=\"elementor-element elementor-element-11fb2a8 elementor-widget elementor-widget-text-editor\" data-id=\"11fb2a8\" data-element_type=\"widget\" data-e-type=\"widget\" data-widget_type=\"text-editor.default\">\n\t\t\t\t<div class=\"elementor-widget-container\">\n\t\t\t\t\t\t\t\t\t<p>Nosso controle de acesso est\u00e1 em aplica\u00e7\u00e3o no mercado h\u00e1 26 anos, e passa constantemente por aprimoramentos, al\u00e9m de estar sempre alinhado \u00e0s novas tecnologia de hardware dispon\u00edveis no mercado.<br \/>Nossa solu\u00e7\u00e3o oferece rastreabilidade de usu\u00e1rios, visitantes, parceiros, assim como tamb\u00e9m controle de toda a rota dispon\u00edvel para estes.<\/p><p>Realizamos a an\u00e1lise cr\u00edtica do projeto, pontuando as necessidades f\u00edsicas, de acordo com as limita\u00e7\u00f5es do projeto, e as necessidades de controles de acesso. Desenvolvemos um projeto personalizado, considerando o mapa de riscos, apontando n\u00edveis de efici\u00eancia com padr\u00f5es diferentes de projetos e investimentos.<\/p><p><strong>Consulte-nos e surpreenda-se!!<\/strong><\/p>\t\t\t\t\t\t\t\t<\/div>\n\t\t\t\t<\/div>\n\t\t\t\t\t<\/div>\n\t\t<\/div>\n\t\t\t\t<div class=\"elementor-column elementor-col-50 elementor-inner-column elementor-element elementor-element-e84fa2e\" data-id=\"e84fa2e\" data-element_type=\"column\" data-e-type=\"column\" data-settings=\"{&quot;background_background&quot;:&quot;classic&quot;}\">\n\t\t\t<div class=\"elementor-widget-wrap elementor-element-populated\">\n\t\t\t\t\t<div class=\"elementor-background-overlay\"><\/div>\n\t\t\t\t\t\t<div class=\"elementor-element elementor-element-8fc38ae elementor-invisible elementor-widget elementor-widget-image\" data-id=\"8fc38ae\" data-element_type=\"widget\" data-e-type=\"widget\" data-settings=\"{&quot;_animation&quot;:&quot;fadeInRight&quot;}\" data-widget_type=\"image.default\">\n\t\t\t\t<div class=\"elementor-widget-container\">\n\t\t\t\t\t\t\t\t\t\t\t\t\t\t\t<img decoding=\"async\" width=\"612\" height=\"320\" src=\"https:\/\/accessid.com.br\/id\/wp-content\/uploads\/2021\/04\/sis2.jpg\" class=\"attachment-full size-full wp-image-3078\" alt=\"\" srcset=\"https:\/\/accessid.com.br\/id\/wp-content\/uploads\/2021\/04\/sis2.jpg 612w, https:\/\/accessid.com.br\/id\/wp-content\/uploads\/2021\/04\/sis2-300x157.jpg 300w, https:\/\/accessid.com.br\/id\/wp-content\/uploads\/2021\/04\/sis2-600x314.jpg 600w\" sizes=\"(max-width: 612px) 100vw, 612px\" \/>\t\t\t\t\t\t\t\t\t\t\t\t\t\t\t<\/div>\n\t\t\t\t<\/div>\n\t\t\t\t\t<\/div>\n\t\t<\/div>\n\t\t\t\t\t<\/div>\n\t\t<\/section>\n\t\t\t\t\t<\/div>\n\t\t<\/div>\n\t\t\t\t\t<\/div>\n\t\t<\/section>\n\t\t\t\t<\/div>\n\t\t","protected":false},"excerpt":{"rendered":"<p>Sistemas Controle de Ponto Com a revolucion\u00e1ria plataforma RHiD, a Access iD, em parceria com a&nbsp; Control iD, traz um sistema completo que permite a apura\u00e7\u00e3o de ponto na nuvem. Utilizando os mais modernos conceitos de SaaS (Software as a Service), o sistema dispensa a instala\u00e7\u00e3o e o armazenamento de informa\u00e7\u00f5es em computadores locais, pois &hellip;<\/p>\n<p class=\"read-more\"> <a class=\"\" href=\"https:\/\/accessid.com.br\/id\/?page_id=3622\"> <span class=\"screen-reader-text\">Sistemas<\/span> Leia mais &raquo;<\/a><\/p>\n","protected":false},"author":1,"featured_media":0,"parent":0,"menu_order":0,"comment_status":"closed","ping_status":"closed","template":"","meta":{"_joinchat":[],"footnotes":""},"class_list":["post-3622","page","type-page","status-publish","hentry"],"_links":{"self":[{"href":"https:\/\/accessid.com.br\/id\/index.php?rest_route=\/wp\/v2\/pages\/3622","targetHints":{"allow":["GET"]}}],"collection":[{"href":"https:\/\/accessid.com.br\/id\/index.php?rest_route=\/wp\/v2\/pages"}],"about":[{"href":"https:\/\/accessid.com.br\/id\/index.php?rest_route=\/wp\/v2\/types\/page"}],"author":[{"embeddable":true,"href":"https:\/\/accessid.com.br\/id\/index.php?rest_route=\/wp\/v2\/users\/1"}],"replies":[{"embeddable":true,"href":"https:\/\/accessid.com.br\/id\/index.php?rest_route=%2Fwp%2Fv2%2Fcomments&post=3622"}],"version-history":[{"count":69,"href":"https:\/\/accessid.com.br\/id\/index.php?rest_route=\/wp\/v2\/pages\/3622\/revisions"}],"predecessor-version":[{"id":3695,"href":"https:\/\/accessid.com.br\/id\/index.php?rest_route=\/wp\/v2\/pages\/3622\/revisions\/3695"}],"wp:attachment":[{"href":"https:\/\/accessid.com.br\/id\/index.php?rest_route=%2Fwp%2Fv2%2Fmedia&parent=3622"}],"curies":[{"name":"wp","href":"https:\/\/api.w.org\/{rel}","templated":true}]}}