{"id":43,"date":"2017-12-17T10:06:43","date_gmt":"2017-12-17T10:06:43","guid":{"rendered":"http:\/\/accessid.com.br\/id\/about\/"},"modified":"2021-04-21T22:39:27","modified_gmt":"2021-04-22T01:39:27","slug":"about","status":"publish","type":"page","link":"https:\/\/accessid.com.br\/id\/?page_id=43","title":{"rendered":"Empresa"},"content":{"rendered":"\t\t<div data-elementor-type=\"wp-post\" data-elementor-id=\"43\" class=\"elementor elementor-43\">\n\t\t\t\t\t\t<section class=\"elementor-section elementor-top-section elementor-element elementor-element-8c39fce elementor-section-content-middle elementor-section-boxed elementor-section-height-default elementor-section-height-default\" data-id=\"8c39fce\" data-element_type=\"section\" data-e-type=\"section\" data-settings=\"{&quot;background_background&quot;:&quot;classic&quot;}\">\n\t\t\t\t\t\t\t<div class=\"elementor-background-overlay\"><\/div>\n\t\t\t\t\t\t\t<div class=\"elementor-container elementor-column-gap-no\">\n\t\t\t\t\t<div class=\"elementor-column elementor-col-100 elementor-top-column elementor-element elementor-element-b1952b1\" data-id=\"b1952b1\" data-element_type=\"column\" data-e-type=\"column\">\n\t\t\t<div class=\"elementor-widget-wrap elementor-element-populated\">\n\t\t\t\t\t\t<div class=\"elementor-element elementor-element-03b93f0 elementor-widget elementor-widget-heading\" data-id=\"03b93f0\" data-element_type=\"widget\" data-e-type=\"widget\" data-widget_type=\"heading.default\">\n\t\t\t\t<div class=\"elementor-widget-container\">\n\t\t\t\t\t<h1 class=\"elementor-heading-title elementor-size-default\">Empresa<\/h1>\t\t\t\t<\/div>\n\t\t\t\t<\/div>\n\t\t\t\t\t<\/div>\n\t\t<\/div>\n\t\t\t\t\t<\/div>\n\t\t<\/section>\n\t\t\t\t<section class=\"elementor-section elementor-top-section elementor-element elementor-element-3a9b7e0 elementor-section-boxed elementor-section-height-default elementor-section-height-default\" data-id=\"3a9b7e0\" data-element_type=\"section\" data-e-type=\"section\" data-settings=\"{&quot;background_background&quot;:&quot;classic&quot;}\">\n\t\t\t\t\t\t<div class=\"elementor-container elementor-column-gap-default\">\n\t\t\t\t\t<div class=\"elementor-column elementor-col-100 elementor-top-column elementor-element elementor-element-a053cfd\" data-id=\"a053cfd\" data-element_type=\"column\" data-e-type=\"column\">\n\t\t\t<div class=\"elementor-widget-wrap elementor-element-populated\">\n\t\t\t\t\t\t<section class=\"elementor-section elementor-inner-section elementor-element elementor-element-03e1cac elementor-section-boxed elementor-section-height-default elementor-section-height-default\" data-id=\"03e1cac\" data-element_type=\"section\" data-e-type=\"section\">\n\t\t\t\t\t\t<div class=\"elementor-container elementor-column-gap-default\">\n\t\t\t\t\t<div class=\"elementor-column elementor-col-33 elementor-inner-column elementor-element elementor-element-7c66e5c\" data-id=\"7c66e5c\" data-element_type=\"column\" data-e-type=\"column\">\n\t\t\t<div class=\"elementor-widget-wrap\">\n\t\t\t\t\t\t\t<\/div>\n\t\t<\/div>\n\t\t\t\t<div class=\"elementor-column elementor-col-33 elementor-inner-column elementor-element elementor-element-b0d8956\" data-id=\"b0d8956\" data-element_type=\"column\" data-e-type=\"column\">\n\t\t\t<div class=\"elementor-widget-wrap elementor-element-populated\">\n\t\t\t\t\t\t<div class=\"elementor-element elementor-element-c5768f1 elementor-widget-divider--view-line elementor-widget elementor-widget-divider\" data-id=\"c5768f1\" data-element_type=\"widget\" data-e-type=\"widget\" data-widget_type=\"divider.default\">\n\t\t\t\t<div class=\"elementor-widget-container\">\n\t\t\t\t\t\t\t<div class=\"elementor-divider\">\n\t\t\t<span class=\"elementor-divider-separator\">\n\t\t\t\t\t\t<\/span>\n\t\t<\/div>\n\t\t\t\t\t\t<\/div>\n\t\t\t\t<\/div>\n\t\t\t\t<div class=\"elementor-element elementor-element-e0a6bd8 elementor-widget elementor-widget-heading\" data-id=\"e0a6bd8\" data-element_type=\"widget\" data-e-type=\"widget\" data-widget_type=\"heading.default\">\n\t\t\t\t<div class=\"elementor-widget-container\">\n\t\t\t\t\t<h4 class=\"elementor-heading-title elementor-size-default\">Mais de 30 anos gerando solu\u00e7\u00f5es! <\/h4>\t\t\t\t<\/div>\n\t\t\t\t<\/div>\n\t\t\t\t<div class=\"elementor-element elementor-element-c76afb1 elementor-widget elementor-widget-heading\" data-id=\"c76afb1\" data-element_type=\"widget\" data-e-type=\"widget\" data-widget_type=\"heading.default\">\n\t\t\t\t<div class=\"elementor-widget-container\">\n\t\t\t\t\t<h2 class=\"elementor-heading-title elementor-size-default\">Quem somos<\/h2>\t\t\t\t<\/div>\n\t\t\t\t<\/div>\n\t\t\t\t<div class=\"elementor-element elementor-element-597a56e elementor-widget elementor-widget-text-editor\" data-id=\"597a56e\" data-element_type=\"widget\" data-e-type=\"widget\" data-widget_type=\"text-editor.default\">\n\t\t\t\t<div class=\"elementor-widget-container\">\n\t\t\t\t\t\t\t\t\tAtuando h\u00e1 mais de 30 anos no mercado de desenvolvimento de solu\u00e7\u00f5es espec\u00edficas para as necessidades de nossos clientes, a Access Id se especializou no segmento de seguran\u00e7a com o uso das mais modernas tecnologias.\t\t\t\t\t\t\t\t<\/div>\n\t\t\t\t<\/div>\n\t\t\t\t\t<\/div>\n\t\t<\/div>\n\t\t\t\t<div class=\"elementor-column elementor-col-33 elementor-inner-column elementor-element elementor-element-e06e277\" data-id=\"e06e277\" data-element_type=\"column\" data-e-type=\"column\">\n\t\t\t<div class=\"elementor-widget-wrap\">\n\t\t\t\t\t\t\t<\/div>\n\t\t<\/div>\n\t\t\t\t\t<\/div>\n\t\t<\/section>\n\t\t\t\t\t<\/div>\n\t\t<\/div>\n\t\t\t\t\t<\/div>\n\t\t<\/section>\n\t\t\t\t<section class=\"elementor-section elementor-top-section elementor-element elementor-element-2be1988 elementor-section-boxed elementor-section-height-default elementor-section-height-default\" data-id=\"2be1988\" data-element_type=\"section\" data-e-type=\"section\" data-settings=\"{&quot;background_background&quot;:&quot;classic&quot;}\">\n\t\t\t\t\t\t<div class=\"elementor-container elementor-column-gap-default\">\n\t\t\t\t\t<div class=\"elementor-column elementor-col-100 elementor-top-column elementor-element elementor-element-3d85bb7\" data-id=\"3d85bb7\" data-element_type=\"column\" data-e-type=\"column\">\n\t\t\t<div class=\"elementor-widget-wrap elementor-element-populated\">\n\t\t\t\t\t\t<div class=\"elementor-element elementor-element-f8dd1c9 elementor-widget elementor-widget-text-editor\" data-id=\"f8dd1c9\" data-element_type=\"widget\" data-e-type=\"widget\" data-widget_type=\"text-editor.default\">\n\t\t\t\t<div class=\"elementor-widget-container\">\n\t\t\t\t\t\t\t\t\t<p>Iniciamos nossas atividades com o desenvolvimento de softwares administrativos tais como folha de pagamento, contas a pagar, contas a receber, controle patrimonial, controle de estoque, contabilidade, em seguida com controle de ponto de funcion\u00e1rios e controle de acesso nas empresas. Com o passar do tempo e com o surgimento de novas necessidades do mercado em busca de solu\u00e7\u00f5es mais especificas e personalizadas para cada caso, nos aprofundamos no controle de acesso em condom\u00ednios e empresas, e modernizando o controle de ponto, mantendo em nosso portf\u00f3lio somente esses dois sistemas.<\/p><p>Desenvolvemos solu\u00e7\u00f5es personalizadas para diversas necessidades de controle de ponto, sendo nosso software compat\u00edvel com todos os fabricantes de rel\u00f3gios de ponto (REP) do mercado.<\/p><p>Nosso controle de acesso est\u00e1 em aplica\u00e7\u00e3o no mercado h\u00e1 26 anos, e passa constantemente por aprimoramentos, al\u00e9m de estar sempre alinhado \u00e0s novas tecnologia de hardware dispon\u00edveis no mercado. Nossa solu\u00e7\u00e3o oferece rastreabilidade dos de usu\u00e1rios, visitantes, parceiros, assim como tamb\u00e9m controle de toda a rota dispon\u00edvel para estes.<\/p>\t\t\t\t\t\t\t\t<\/div>\n\t\t\t\t<\/div>\n\t\t\t\t\t<\/div>\n\t\t<\/div>\n\t\t\t\t\t<\/div>\n\t\t<\/section>\n\t\t\t\t<section class=\"elementor-section elementor-top-section elementor-element elementor-element-905464e elementor-section-height-min-height elementor-section-boxed elementor-section-height-default elementor-section-items-middle\" data-id=\"905464e\" data-element_type=\"section\" data-e-type=\"section\">\n\t\t\t\t\t\t<div class=\"elementor-container elementor-column-gap-default\">\n\t\t\t\t\t<div class=\"elementor-column elementor-col-100 elementor-top-column elementor-element elementor-element-fb6c268\" data-id=\"fb6c268\" data-element_type=\"column\" data-e-type=\"column\">\n\t\t\t<div class=\"elementor-widget-wrap\">\n\t\t\t\t\t\t\t<\/div>\n\t\t<\/div>\n\t\t\t\t\t<\/div>\n\t\t<\/section>\n\t\t\t\t<section class=\"elementor-section elementor-top-section elementor-element elementor-element-cb4e9f9 elementor-section-height-min-height elementor-section-boxed elementor-section-height-default elementor-section-items-middle\" data-id=\"cb4e9f9\" data-element_type=\"section\" data-e-type=\"section\" data-settings=\"{&quot;background_background&quot;:&quot;classic&quot;}\">\n\t\t\t\t\t\t<div class=\"elementor-container elementor-column-gap-default\">\n\t\t\t\t\t<div class=\"elementor-column elementor-col-100 elementor-top-column elementor-element elementor-element-9e0bf7a\" data-id=\"9e0bf7a\" data-element_type=\"column\" data-e-type=\"column\">\n\t\t\t<div class=\"elementor-widget-wrap elementor-element-populated\">\n\t\t\t\t\t\t<div class=\"elementor-element elementor-element-e54f796 elementor-widget elementor-widget-text-editor\" data-id=\"e54f796\" data-element_type=\"widget\" data-e-type=\"widget\" data-widget_type=\"text-editor.default\">\n\t\t\t\t<div class=\"elementor-widget-container\">\n\t\t\t\t\t\t\t\t\t<p><em><strong>Miss\u00e3o<\/strong><\/em><\/p><p>Nossa miss\u00e3o \u00e9 a busca de inova\u00e7\u00f5es tecnol\u00f3gicas integradas que proporcionem qualidade de vida e seguran\u00e7a \u00e0 sociedade.<\/p><p><em><strong>Vis\u00e3o<\/strong><\/em><\/p><p>Oferecer solu\u00e7\u00f5es inteligentes e pr\u00e1ticas a todas as necessidades do mercado que atua, garantindo qualidade e confiabilidade em todas as suas etapas.<\/p><p><em><strong>Valores<\/strong><\/em><\/p><p>Nosso compromisso na \u00e9tico, com transpar\u00eancia, respeito e ao nosso cliente, que \u00e9 a raz\u00e3o da nossa exist\u00eancia e do nosso aprimoramento.<\/p>\t\t\t\t\t\t\t\t<\/div>\n\t\t\t\t<\/div>\n\t\t\t\t\t<\/div>\n\t\t<\/div>\n\t\t\t\t\t<\/div>\n\t\t<\/section>\n\t\t\t\t<\/div>\n\t\t","protected":false},"excerpt":{"rendered":"<p>Empresa Mais de 30 anos gerando solu\u00e7\u00f5es! Quem somos Atuando h\u00e1 mais de 30 anos no mercado de desenvolvimento de solu\u00e7\u00f5es espec\u00edficas para as necessidades de nossos clientes, a Access Id se especializou no segmento de seguran\u00e7a com o uso das mais modernas tecnologias. Iniciamos nossas atividades com o desenvolvimento de softwares administrativos tais como &hellip;<\/p>\n<p class=\"read-more\"> <a class=\"\" href=\"https:\/\/accessid.com.br\/id\/?page_id=43\"> <span class=\"screen-reader-text\">Empresa<\/span> Leia mais &raquo;<\/a><\/p>\n","protected":false},"author":1,"featured_media":0,"parent":0,"menu_order":0,"comment_status":"closed","ping_status":"closed","template":"","meta":{"_joinchat":[],"footnotes":""},"class_list":["post-43","page","type-page","status-publish","hentry"],"_links":{"self":[{"href":"https:\/\/accessid.com.br\/id\/index.php?rest_route=\/wp\/v2\/pages\/43","targetHints":{"allow":["GET"]}}],"collection":[{"href":"https:\/\/accessid.com.br\/id\/index.php?rest_route=\/wp\/v2\/pages"}],"about":[{"href":"https:\/\/accessid.com.br\/id\/index.php?rest_route=\/wp\/v2\/types\/page"}],"author":[{"embeddable":true,"href":"https:\/\/accessid.com.br\/id\/index.php?rest_route=\/wp\/v2\/users\/1"}],"replies":[{"embeddable":true,"href":"https:\/\/accessid.com.br\/id\/index.php?rest_route=%2Fwp%2Fv2%2Fcomments&post=43"}],"version-history":[{"count":38,"href":"https:\/\/accessid.com.br\/id\/index.php?rest_route=\/wp\/v2\/pages\/43\/revisions"}],"predecessor-version":[{"id":3413,"href":"https:\/\/accessid.com.br\/id\/index.php?rest_route=\/wp\/v2\/pages\/43\/revisions\/3413"}],"wp:attachment":[{"href":"https:\/\/accessid.com.br\/id\/index.php?rest_route=%2Fwp%2Fv2%2Fmedia&parent=43"}],"curies":[{"name":"wp","href":"https:\/\/api.w.org\/{rel}","templated":true}]}}